{"id":904,"date":"2023-08-25T18:27:35","date_gmt":"2023-08-25T16:27:35","guid":{"rendered":"https:\/\/wisdomandroses.com\/?page_id=904"},"modified":"2024-12-06T15:40:37","modified_gmt":"2024-12-06T14:40:37","slug":"seelenheilbilder-ein-kuss-von-deiner-seele","status":"publish","type":"page","link":"https:\/\/wisdomandroses.com\/en\/seelenheilbilder-ein-kuss-von-deiner-seele\/","title":{"rendered":"Bestellung von Seelenheilbildern"},"content":{"rendered":"<p>Wie entsteht Dein pers\u00f6nliches Seelenheilbild?<\/p>\n\n\n\n<p>Mittels Deines vollst\u00e4ndigen Namens und Deines Geburtsdatums stelle ich mich als Medium f\u00fcr Deine Seele zur Verf\u00fcgung und gebe ihr Raum, so dass sie sich durch mich kreativ ausdr\u00fccken und entfalten kann. Es handelt sich um einen Prozess der Hingabe und des vollkommenen Vertrauens. Jedes Bild ist ein einzigartiges Unikat aus Acrylfarben mit einem Wisdom &amp; Roses Siegel aus Wachs und wird auf einer klassischen Leinwand angefertigt. <\/p>\n\n\n\n<p>Der Sinn Deines Seelenheilbildes:<\/p>\n\n\n\n<ul class=\"wp-block-list\">\n<li>Es unterst\u00fctzt dich bei der Herstellung Deines inneren Gleichgewichts<\/li>\n\n\n\n<li>Es verbindet Dich mit der Weisheit Deiner Seele<\/li>\n\n\n\n<li>Es f\u00f6rdert den Erwachungsprozess, in dem es Dich daran erinnert, dass Du pure Liebe bist und einen g\u00f6ttlichen Funken in Dir tr\u00e4gst<\/li>\n\n\n\n<li>Es unterst\u00fctzt Dich beim Wandel vom getrennten Bewusstsein zum Einheitsbewusstsein der Menschheit<\/li>\n\n\n\n<li>Es st\u00e4rkt das Urvertrauen sowie das Vertrauen in Deine F\u00e4higkeiten<\/li>\n\n\n\n<li>Es stellt ein Gleichgewicht zwischen Deinen m\u00e4nnlichen und weiblichen Energien her<\/li>\n\n\n\n<li>Es dient als Portal, um Energien, die Dir nicht mehr dienlich sind zu transformieren, z.B.: k\u00f6nnen beim Betrachten des Bildes unterdr\u00fcckte Gef\u00fchle an die Oberfl\u00e4che kommen<\/li>\n\n\n\n<li>Es hilft Dir dabei, vollkommen bei Dir anzukommen und gleichzeitig f\u00fchlst Du eine starke Verbundenheit zu allen Lebewesen<\/li>\n\n\n\n<li>Im Rahmen der Meditation k\u00f6nnen \u00fcber das Bild Deine Potenziale, die in Dir schlummern, angetriggert werden, so dass Du wieder Zugriff auf F\u00e4higkeiten aus fr\u00fcheren Inkarnationen bekommen kannst<\/li>\n\n\n\n<li>Das Bild wirkt im Raum vitalisierend und h\u00fcllt Dich ein, mit Energien der Leichtigkeit, Lebensfreude und Lebendigkeit<\/li>\n\n\n\n<li>Es kann Dich in bestimmten Lebenssituationen unterst\u00fctzen bspw. beim Annehmen und Loslassen von Situationen, schenkt Dir Kraft bei einem neuen Lebensabschnitt<\/li>\n<\/ul>\n\n\n\n<p><\/p>\n\n\n\n<p>Der Ausgleich f\u00fcr das Bild betr\u00e4gt 150 Euro exkl. Versandkosten und wird bei Bestellung vor der Fertigstellung des Bildes beglichen. <\/p>\n\n\n\n<p>Das Bild ist 60cm breit und 80cm hoch.<\/p>\n\n\n\n<p>Die Dauer der Fertigstellung des Bildes h\u00e4ngt von der derzeitigen Nachfrage ab.<\/p>\n\n\n\n<p>Damit Dein pers\u00f6nliches Seelenheilbild kreiert werden kann, \u00fcbermittle mir bitte Deinen vollst\u00e4ndigen Namen, sowie Dein Geburtsdatum! <\/p>\n\n\n\n<p>Bestellungen sind \u00fcber das <a href=\"https:\/\/wisdomandroses.com\/en\/kontaktformular\/\">Kontaktformular <\/a>oder per Mail <a href=\"mailto:kontakt@wisdomandroses.com\">kontakt@wisdomandroses.com<\/a> m\u00f6glich!<\/p>\n\n\n\n<figure class=\"wp-block-gallery aligncenter has-nested-images columns-default is-cropped wp-block-gallery-1 is-layout-flex wp-block-gallery-is-layout-flex\">\n<figure class=\"wp-block-image size-full is-style-default\"><img loading=\"lazy\" decoding=\"async\" width=\"1920\" height=\"2560\" data-id=\"915\" src=\"https:\/\/wisdomandroses.com\/wp-content\/uploads\/2023\/08\/Seelenheilbild_soulhealing-picture-1-1-scaled.jpg\" alt=\"\" class=\"wp-image-915\" srcset=\"https:\/\/wisdomandroses.com\/wp-content\/uploads\/2023\/08\/Seelenheilbild_soulhealing-picture-1-1-scaled.jpg 1920w, https:\/\/wisdomandroses.com\/wp-content\/uploads\/2023\/08\/Seelenheilbild_soulhealing-picture-1-1-225x300.jpg 225w, https:\/\/wisdomandroses.com\/wp-content\/uploads\/2023\/08\/Seelenheilbild_soulhealing-picture-1-1-768x1024.jpg 768w, https:\/\/wisdomandroses.com\/wp-content\/uploads\/2023\/08\/Seelenheilbild_soulhealing-picture-1-1-1152x1536.jpg 1152w, https:\/\/wisdomandroses.com\/wp-content\/uploads\/2023\/08\/Seelenheilbild_soulhealing-picture-1-1-1536x2048.jpg 1536w, https:\/\/wisdomandroses.com\/wp-content\/uploads\/2023\/08\/Seelenheilbild_soulhealing-picture-1-1-9x12.jpg 9w\" sizes=\"auto, (max-width: 767px) 89vw, (max-width: 1000px) 54vw, (max-width: 1071px) 543px, 580px\" \/><figcaption class=\"wp-element-caption\"><strong>Beispiel &#8211; Seelenheilbild<\/strong><\/figcaption><\/figure>\n<\/figure>\n\n\n\n<p><\/p>\n\n\n\n<blockquote class=\"wp-block-quote is-layout-flow wp-block-quote-is-layout-flow\">\n<figure class=\"wp-block-embed is-type-video is-provider-youtube wp-block-embed-youtube wp-embed-aspect-16-9 wp-has-aspect-ratio\"><div class=\"wp-block-embed__wrapper\">\n<iframe loading=\"lazy\" title=\"Seelenheilbilder - ein Kuss von Deiner Seele\" width=\"525\" height=\"295\" src=\"https:\/\/www.youtube.com\/embed\/WJt-jx0ehfM?feature=oembed\" frameborder=\"0\" allow=\"accelerometer; autoplay; clipboard-write; encrypted-media; gyroscope; picture-in-picture; web-share\" referrerpolicy=\"strict-origin-when-cross-origin\" allowfullscreen><\/iframe>\n<\/div><figcaption class=\"wp-element-caption\"><strong>Einblick in die Entstehung von Seelenheilbildern<\/strong><\/figcaption><\/figure>\n<\/blockquote>\n\n\n\n<figure class=\"wp-block-embed is-type-rich is-provider-instagram wp-block-embed-instagram\"><div class=\"wp-block-embed__wrapper\">\n<blockquote class=\"instagram-media\" data-instgrm-captioned data-instgrm-permalink=\"https:\/\/www.instagram.com\/p\/C9aNAWeNjw7\/?utm_source=ig_embed&amp;utm_campaign=loading\" data-instgrm-version=\"14\" style=\" background:#FFF; border:0; border-radius:3px; box-shadow:0 0 1px 0 rgba(0,0,0,0.5),0 1px 10px 0 rgba(0,0,0,0.15); margin: 1px; max-width:525px; min-width:326px; padding:0; width:99.375%; width:-webkit-calc(100% - 2px); width:calc(100% - 2px);\"><div style=\"padding:16px;\"> <a href=\"https:\/\/www.instagram.com\/p\/C9aNAWeNjw7\/?utm_source=ig_embed&amp;utm_campaign=loading\" style=\" background:#FFFFFF; line-height:0; padding:0 0; text-align:center; text-decoration:none; width:100%;\" target=\"_blank\"> <div style=\" display: flex; flex-direction: row; align-items: center;\"> <div style=\"background-color: #F4F4F4; border-radius: 50%; flex-grow: 0; height: 40px; margin-right: 14px; width: 40px;\"><\/div> <div style=\"display: flex; flex-direction: column; flex-grow: 1; justify-content: center;\"> <div style=\" background-color: #F4F4F4; border-radius: 4px; flex-grow: 0; height: 14px; margin-bottom: 6px; width: 100px;\"><\/div> <div style=\" background-color: #F4F4F4; border-radius: 4px; flex-grow: 0; height: 14px; width: 60px;\"><\/div><\/div><\/div><div style=\"padding: 19% 0;\"><\/div> <div style=\"display:block; height:50px; margin:0 auto 12px; width:50px;\"><svg width=\"50px\" height=\"50px\" viewbox=\"0 0 60 60\" version=\"1.1\" xmlns=\"https:\/\/www.w3.org\/2000\/svg\" xmlns:xlink=\"https:\/\/www.w3.org\/1999\/xlink\"><g stroke=\"none\" stroke-width=\"1\" fill=\"none\" fill-rule=\"evenodd\"><g transform=\"translate(-511.000000, -20.000000)\" fill=\"#000000\"><g><path d=\"M556.869,30.41 C554.814,30.41 553.148,32.076 553.148,34.131 C553.148,36.186 554.814,37.852 556.869,37.852 C558.924,37.852 560.59,36.186 560.59,34.131 C560.59,32.076 558.924,30.41 556.869,30.41 M541,60.657 C535.114,60.657 530.342,55.887 530.342,50 C530.342,44.114 535.114,39.342 541,39.342 C546.887,39.342 551.658,44.114 551.658,50 C551.658,55.887 546.887,60.657 541,60.657 M541,33.886 C532.1,33.886 524.886,41.1 524.886,50 C524.886,58.899 532.1,66.113 541,66.113 C549.9,66.113 557.115,58.899 557.115,50 C557.115,41.1 549.9,33.886 541,33.886 M565.378,62.101 C565.244,65.022 564.756,66.606 564.346,67.663 C563.803,69.06 563.154,70.057 562.106,71.106 C561.058,72.155 560.06,72.803 558.662,73.347 C557.607,73.757 556.021,74.244 553.102,74.378 C549.944,74.521 548.997,74.552 541,74.552 C533.003,74.552 532.056,74.521 528.898,74.378 C525.979,74.244 524.393,73.757 523.338,73.347 C521.94,72.803 520.942,72.155 519.894,71.106 C518.846,70.057 518.197,69.06 517.654,67.663 C517.244,66.606 516.755,65.022 516.623,62.101 C516.479,58.943 516.448,57.996 516.448,50 C516.448,42.003 516.479,41.056 516.623,37.899 C516.755,34.978 517.244,33.391 517.654,32.338 C518.197,30.938 518.846,29.942 519.894,28.894 C520.942,27.846 521.94,27.196 523.338,26.654 C524.393,26.244 525.979,25.756 528.898,25.623 C532.057,25.479 533.004,25.448 541,25.448 C548.997,25.448 549.943,25.479 553.102,25.623 C556.021,25.756 557.607,26.244 558.662,26.654 C560.06,27.196 561.058,27.846 562.106,28.894 C563.154,29.942 563.803,30.938 564.346,32.338 C564.756,33.391 565.244,34.978 565.378,37.899 C565.522,41.056 565.552,42.003 565.552,50 C565.552,57.996 565.522,58.943 565.378,62.101 M570.82,37.631 C570.674,34.438 570.167,32.258 569.425,30.349 C568.659,28.377 567.633,26.702 565.965,25.035 C564.297,23.368 562.623,22.342 560.652,21.575 C558.743,20.834 556.562,20.326 553.369,20.18 C550.169,20.033 549.148,20 541,20 C532.853,20 531.831,20.033 528.631,20.18 C525.438,20.326 523.257,20.834 521.349,21.575 C519.376,22.342 517.703,23.368 516.035,25.035 C514.368,26.702 513.342,28.377 512.574,30.349 C511.834,32.258 511.326,34.438 511.181,37.631 C511.035,40.831 511,41.851 511,50 C511,58.147 511.035,59.17 511.181,62.369 C511.326,65.562 511.834,67.743 512.574,69.651 C513.342,71.625 514.368,73.296 516.035,74.965 C517.703,76.634 519.376,77.658 521.349,78.425 C523.257,79.167 525.438,79.673 528.631,79.82 C531.831,79.965 532.853,80.001 541,80.001 C549.148,80.001 550.169,79.965 553.369,79.82 C556.562,79.673 558.743,79.167 560.652,78.425 C562.623,77.658 564.297,76.634 565.965,74.965 C567.633,73.296 568.659,71.625 569.425,69.651 C570.167,67.743 570.674,65.562 570.82,62.369 C570.966,59.17 571,58.147 571,50 C571,41.851 570.966,40.831 570.82,37.631\"><\/path><\/g><\/g><\/g><\/svg><\/div><div style=\"padding-top: 8px;\"> <div style=\" color:#3897f0; font-family:Arial,sans-serif; font-size:14px; font-style:normal; font-weight:550; line-height:18px;\">View this post on Instagram<\/div><\/div><div style=\"padding: 12.5% 0;\"><\/div> <div style=\"display: flex; flex-direction: row; margin-bottom: 14px; align-items: center;\"><div> <div style=\"background-color: #F4F4F4; border-radius: 50%; height: 12.5px; width: 12.5px; transform: translateX(0px) translateY(7px);\"><\/div> <div style=\"background-color: #F4F4F4; height: 12.5px; transform: rotate(-45deg) translateX(3px) translateY(1px); width: 12.5px; flex-grow: 0; margin-right: 14px; margin-left: 2px;\"><\/div> <div style=\"background-color: #F4F4F4; border-radius: 50%; height: 12.5px; width: 12.5px; transform: translateX(9px) translateY(-18px);\"><\/div><\/div><div style=\"margin-left: 8px;\"> <div style=\" background-color: #F4F4F4; border-radius: 50%; flex-grow: 0; height: 20px; width: 20px;\"><\/div> <div style=\" width: 0; height: 0; border-top: 2px solid transparent; border-left: 6px solid #f4f4f4; border-bottom: 2px solid transparent; transform: translateX(16px) translateY(-4px) rotate(30deg)\"><\/div><\/div><div style=\"margin-left: auto;\"> <div style=\" width: 0px; border-top: 8px solid #F4F4F4; border-right: 8px solid transparent; transform: translateY(16px);\"><\/div> <div style=\" background-color: #F4F4F4; flex-grow: 0; height: 12px; width: 16px; transform: translateY(-4px);\"><\/div> <div style=\" width: 0; height: 0; border-top: 8px solid #F4F4F4; border-left: 8px solid transparent; transform: translateY(-4px) translateX(8px);\"><\/div><\/div><\/div> <div style=\"display: flex; flex-direction: column; flex-grow: 1; justify-content: center; margin-bottom: 24px;\"> <div style=\" background-color: #F4F4F4; border-radius: 4px; flex-grow: 0; height: 14px; margin-bottom: 6px; width: 224px;\"><\/div> <div style=\" background-color: #F4F4F4; border-radius: 4px; flex-grow: 0; height: 14px; width: 144px;\"><\/div><\/div><\/a><p style=\" color:#c9c8cd; font-family:Arial,sans-serif; font-size:14px; line-height:17px; margin-bottom:0; margin-top:8px; overflow:hidden; padding:8px 0 7px; text-align:center; text-overflow:ellipsis; white-space:nowrap;\"><a href=\"https:\/\/www.instagram.com\/p\/C9aNAWeNjw7\/?utm_source=ig_embed&amp;utm_campaign=loading\" style=\" color:#c9c8cd; font-family:Arial,sans-serif; font-size:14px; font-style:normal; font-weight:normal; line-height:17px; text-decoration:none;\" target=\"_blank\">A post shared by medium, healer, artist &amp; actress (@ria_fabijenna)<\/a><\/p><\/div><\/blockquote><script async src=\"\/\/platform.instagram.com\/en_US\/embeds.js\"><\/script>\n<\/div><\/figure>","protected":false},"excerpt":{"rendered":"<p>Wie entsteht Dein pers\u00f6nliches Seelenheilbild? Mittels Deines vollst\u00e4ndigen Namens und Deines Geburtsdatums stelle ich mich als Medium f\u00fcr Deine Seele zur Verf\u00fcgung und gebe ihr Raum, so dass sie sich durch mich kreativ ausdr\u00fccken und entfalten kann. Es handelt sich um einen Prozess der Hingabe und des vollkommenen Vertrauens. Jedes Bild ist ein einzigartiges Unikat &hellip; <\/p>\n<p class=\"link-more\"><a href=\"https:\/\/wisdomandroses.com\/en\/seelenheilbilder-ein-kuss-von-deiner-seele\/\" class=\"more-link\">Continue reading<span class=\"screen-reader-text\"> &#8222;Bestellung von Seelenheilbildern&#8220;<\/span><\/a><\/p>","protected":false},"author":1,"featured_media":0,"parent":0,"menu_order":0,"comment_status":"closed","ping_status":"closed","template":"","meta":{"ngg_post_thumbnail":0,"footnotes":""},"class_list":["post-904","page","type-page","status-publish","hentry"],"jetpack_sharing_enabled":true,"_links":{"self":[{"href":"https:\/\/wisdomandroses.com\/en\/wp-json\/wp\/v2\/pages\/904","targetHints":{"allow":["GET"]}}],"collection":[{"href":"https:\/\/wisdomandroses.com\/en\/wp-json\/wp\/v2\/pages"}],"about":[{"href":"https:\/\/wisdomandroses.com\/en\/wp-json\/wp\/v2\/types\/page"}],"author":[{"embeddable":true,"href":"https:\/\/wisdomandroses.com\/en\/wp-json\/wp\/v2\/users\/1"}],"replies":[{"embeddable":true,"href":"https:\/\/wisdomandroses.com\/en\/wp-json\/wp\/v2\/comments?post=904"}],"version-history":[{"count":16,"href":"https:\/\/wisdomandroses.com\/en\/wp-json\/wp\/v2\/pages\/904\/revisions"}],"predecessor-version":[{"id":1286,"href":"https:\/\/wisdomandroses.com\/en\/wp-json\/wp\/v2\/pages\/904\/revisions\/1286"}],"wp:attachment":[{"href":"https:\/\/wisdomandroses.com\/en\/wp-json\/wp\/v2\/media?parent=904"}],"curies":[{"name":"wp","href":"https:\/\/api.w.org\/{rel}","templated":true}]}}