{"id":896,"date":"2023-07-29T11:16:18","date_gmt":"2023-07-29T09:16:18","guid":{"rendered":"https:\/\/wisdomandroses.com\/?page_id=896"},"modified":"2025-02-07T12:44:57","modified_gmt":"2025-02-07T11:44:57","slug":"energetische-wirbelsaulen-neuausrichtung","status":"publish","type":"page","link":"https:\/\/wisdomandroses.com\/en\/energetische-wirbelsaulen-neuausrichtung\/","title":{"rendered":"Energetische Neuausrichtung"},"content":{"rendered":"<p>Die Wirbels\u00e4ule ist es, die unseren menschlichen K\u00f6rper aufrecht h\u00e4lt, K\u00f6rper, Geist und Seele stabilisiert und uns mit Himmel und Erde in der unendlichen Kraft der G\u00f6ttlichkeit verbindet. <\/p>\n\n\n\n<p>In der Wirbels\u00e4ule sind alle Nerven verankert, die die Organe im K\u00f6rper steuern und  mit dem Gehirn verbinden. Ist die Wirbels\u00e4ule in Disharmonie, stehen damit auch alle Organe und der gesamte K\u00f6rper in Verbindung. <\/p>\n\n\n\n<p>Die vollkommene Auswirkung der Neuausrichtung ist G\u00f6ttliche Ordnung in Dir und um Dich herum. Dies erfolgt mit der Kraft der Christusenergie in tiefer Liebe und Achtsamkeit. <br><br>Um einen Termin zu buchen und weitere Informationen zu erhalten, bin ich sehr gerne \u00fcber das<a href=\"https:\/\/wisdomandroses.com\/en\/kontaktformular\/\"> Kontaktformular<\/a> oder unter folgender Nummer 06642375023 erreichbar!<br><br>Der Ausgleich f\u00fcr die energetische Neuausrichtung betr\u00e4gt 100 Euro und die Sitzung dauert 1 Stunde, wobei 80 min insgesamt eingeplant werden sollten, da vor und nach der Behandlung ein Gespr\u00e4ch stattfindet.<\/p>\n\n\n\n<p>Alles Liebe und vielleicht bis bald! <\/p>\n\n\n\n<p>P.S.: Behandlungen sind auch gerne \u00fcber die Ferne m\u00f6glich!<\/p>\n\n\n\n<p><em>Eine energetische Anwendung kann eine hilfreiche Erg\u00e4nzung zu schulmedizinischen\u00a0und therapeutischen\u00a0Behandlungen sein f\u00fcr\u00a0Dein\u00a0inneres und \u00e4u\u00dferes Gleichgewicht und um Gesundheit auf allen Ebenen herzustellen. Meine Ma\u00dfnahmen dienen zur Wiederherstellung und Harmonisierung der k\u00f6rpereigenen Energiefelder und stellen keine Heilbehandlung im Sinne des \u00c4rztevorbehaltes dar. Sie sind keinerlei Ersatz f\u00fcr \u00e4rztliche Diagnosen und Behandlungen!<\/em><\/p>","protected":false},"excerpt":{"rendered":"<p>Die Wirbels\u00e4ule ist es, die unseren menschlichen K\u00f6rper aufrecht h\u00e4lt, K\u00f6rper, Geist und Seele stabilisiert und uns mit Himmel und Erde in der unendlichen Kraft der G\u00f6ttlichkeit verbindet. In der Wirbels\u00e4ule sind alle Nerven verankert, die die Organe im K\u00f6rper steuern und mit dem Gehirn verbinden. Ist die Wirbels\u00e4ule in Disharmonie, stehen damit auch alle &hellip; <\/p>\n<p class=\"link-more\"><a href=\"https:\/\/wisdomandroses.com\/en\/energetische-wirbelsaulen-neuausrichtung\/\" class=\"more-link\">Continue reading<span class=\"screen-reader-text\"> &#8222;Energetische Neuausrichtung&#8220;<\/span><\/a><\/p>","protected":false},"author":1,"featured_media":0,"parent":0,"menu_order":0,"comment_status":"closed","ping_status":"closed","template":"","meta":{"ngg_post_thumbnail":0,"footnotes":""},"class_list":["post-896","page","type-page","status-publish","hentry"],"jetpack_sharing_enabled":true,"_links":{"self":[{"href":"https:\/\/wisdomandroses.com\/en\/wp-json\/wp\/v2\/pages\/896","targetHints":{"allow":["GET"]}}],"collection":[{"href":"https:\/\/wisdomandroses.com\/en\/wp-json\/wp\/v2\/pages"}],"about":[{"href":"https:\/\/wisdomandroses.com\/en\/wp-json\/wp\/v2\/types\/page"}],"author":[{"embeddable":true,"href":"https:\/\/wisdomandroses.com\/en\/wp-json\/wp\/v2\/users\/1"}],"replies":[{"embeddable":true,"href":"https:\/\/wisdomandroses.com\/en\/wp-json\/wp\/v2\/comments?post=896"}],"version-history":[{"count":6,"href":"https:\/\/wisdomandroses.com\/en\/wp-json\/wp\/v2\/pages\/896\/revisions"}],"predecessor-version":[{"id":1359,"href":"https:\/\/wisdomandroses.com\/en\/wp-json\/wp\/v2\/pages\/896\/revisions\/1359"}],"wp:attachment":[{"href":"https:\/\/wisdomandroses.com\/en\/wp-json\/wp\/v2\/media?parent=896"}],"curies":[{"name":"wp","href":"https:\/\/api.w.org\/{rel}","templated":true}]}}