{"id":847,"date":"2021-11-10T16:09:43","date_gmt":"2021-11-10T15:09:43","guid":{"rendered":"https:\/\/wisdomandroses.com\/?page_id=847"},"modified":"2021-11-10T16:45:30","modified_gmt":"2021-11-10T15:45:30","slug":"entspannung-fur-werdende-mutter","status":"publish","type":"page","link":"https:\/\/wisdomandroses.com\/en\/entspannung-fur-werdende-mutter\/","title":{"rendered":"Entspannung f\u00fcr werdende M\u00fctter"},"content":{"rendered":"<p>Die Schwangerschaft ist eine heilige und besondere Zeit. Der K\u00f6rper der Frau erf\u00e4hrt einen Wandel, der von vielen Ver\u00e4nderungen gepr\u00e4gt ist. Der Prozess der Schwangerschaft kann mit Reiki ruhiger, gelassener und in vollkommener Entspannung verlaufen. Die Beziehung der Mutter zum Baby wird mithilfe von Reiki harmonisch, liebevoll und ausgeglichen. <\/p>\n\n\n\n<p>Reiki wirkt unterst\u00fctzend bei folgenden Ver\u00e4nderungen w\u00e4hrend der Schwangerschaft: <\/p>\n\n\n\n<ul class=\"wp-block-list\"><li>bei hohem Blutdruck<\/li><li>bei M\u00fcdigkeit <\/li><li>bei Stimmungsschwankungen<\/li><li>bei Schmerzen im unteren R\u00fcckenbereich<\/li><li>bei morgendlicher \u00dcbelkeit<\/li><li>bei Stress und Gef\u00fchl der \u00dcberforderung <\/li><li>bei nicht ausreichender Milchproduktion<\/li><\/ul>\n\n\n\n<p>Au\u00dferdem kann der Schmerz w\u00e4hrend der Wehen kontrolliert und verringert werden. <\/p>\n\n\n\n<p>Du bist interessiert an einer Reiki-Behandlung, dann melde Dich gerne unter folgender Nummer: 0664 2375023 oder verwende das <a href=\"https:\/\/wisdomandroses.com\/en\/kontaktformular-reiki-in-villach-termin-buchen-behandlung\/\">Kontaktfomular<\/a>. <\/p>\n\n\n\n<p>Falls Du mehr \u00fcber Reiki erfahren m\u00f6chtest, dann klicke <a href=\"https:\/\/wisdomandroses.com\/en\/uber-reiki-information-in-villach\/\">hier<\/a>. <\/p>\n\n\n\n<div class=\"wp-block-image is-style-rounded\"><figure class=\"aligncenter size-large\"><img loading=\"lazy\" decoding=\"async\" width=\"1024\" height=\"683\" src=\"https:\/\/wisdomandroses.com\/wp-content\/uploads\/2021\/11\/Reiki-in-der-Schwangerschaft-Entspannung-fuer-werdende-Muetter-1-1024x683.jpg\" alt=\"Reiki in der Schwangerschaft \" class=\"wp-image-855\" srcset=\"https:\/\/wisdomandroses.com\/wp-content\/uploads\/2021\/11\/Reiki-in-der-Schwangerschaft-Entspannung-fuer-werdende-Muetter-1-1024x683.jpg 1024w, https:\/\/wisdomandroses.com\/wp-content\/uploads\/2021\/11\/Reiki-in-der-Schwangerschaft-Entspannung-fuer-werdende-Muetter-1-300x200.jpg 300w, https:\/\/wisdomandroses.com\/wp-content\/uploads\/2021\/11\/Reiki-in-der-Schwangerschaft-Entspannung-fuer-werdende-Muetter-1-768x512.jpg 768w\" sizes=\"auto, (max-width: 767px) 89vw, (max-width: 1000px) 54vw, (max-width: 1071px) 543px, 580px\" \/><\/figure><\/div>","protected":false},"excerpt":{"rendered":"<p>Die Schwangerschaft ist eine heilige und besondere Zeit. Der K\u00f6rper der Frau erf\u00e4hrt einen Wandel, der von vielen Ver\u00e4nderungen gepr\u00e4gt ist. Der Prozess der Schwangerschaft kann mit Reiki ruhiger, gelassener und in vollkommener Entspannung verlaufen. Die Beziehung der Mutter zum Baby wird mithilfe von Reiki harmonisch, liebevoll und ausgeglichen. Reiki wirkt unterst\u00fctzend bei folgenden Ver\u00e4nderungen &hellip; <\/p>\n<p class=\"link-more\"><a href=\"https:\/\/wisdomandroses.com\/en\/entspannung-fur-werdende-mutter\/\" class=\"more-link\">Continue reading<span class=\"screen-reader-text\"> &#8222;Entspannung f\u00fcr werdende M\u00fctter&#8220;<\/span><\/a><\/p>","protected":false},"author":1,"featured_media":0,"parent":0,"menu_order":0,"comment_status":"closed","ping_status":"closed","template":"","meta":{"ngg_post_thumbnail":0,"footnotes":""},"class_list":["post-847","page","type-page","status-publish","hentry"],"jetpack_sharing_enabled":true,"_links":{"self":[{"href":"https:\/\/wisdomandroses.com\/en\/wp-json\/wp\/v2\/pages\/847","targetHints":{"allow":["GET"]}}],"collection":[{"href":"https:\/\/wisdomandroses.com\/en\/wp-json\/wp\/v2\/pages"}],"about":[{"href":"https:\/\/wisdomandroses.com\/en\/wp-json\/wp\/v2\/types\/page"}],"author":[{"embeddable":true,"href":"https:\/\/wisdomandroses.com\/en\/wp-json\/wp\/v2\/users\/1"}],"replies":[{"embeddable":true,"href":"https:\/\/wisdomandroses.com\/en\/wp-json\/wp\/v2\/comments?post=847"}],"version-history":[{"count":4,"href":"https:\/\/wisdomandroses.com\/en\/wp-json\/wp\/v2\/pages\/847\/revisions"}],"predecessor-version":[{"id":860,"href":"https:\/\/wisdomandroses.com\/en\/wp-json\/wp\/v2\/pages\/847\/revisions\/860"}],"wp:attachment":[{"href":"https:\/\/wisdomandroses.com\/en\/wp-json\/wp\/v2\/media?parent=847"}],"curies":[{"name":"wp","href":"https:\/\/api.w.org\/{rel}","templated":true}]}}