{"id":80,"date":"2019-11-12T21:17:08","date_gmt":"2019-11-12T20:17:08","guid":{"rendered":"https:\/\/reikivillach.victorwillhuber.com\/?page_id=80"},"modified":"2026-03-10T12:16:39","modified_gmt":"2026-03-10T11:16:39","slug":"reiki-in-villach","status":"publish","type":"page","link":"https:\/\/wisdomandroses.com\/en\/","title":{"rendered":"Herzlich Willkommen bei                                           Wisdom &amp; Roses"},"content":{"rendered":"<p class=\"has-text-align-center\"><br><em><strong>Ein Raum f\u00fcr Ruhe, Klarheit und Verbindung mit Deinem Herzen<\/strong><\/em><br>Sch\u00f6n, dass Du hier bist<\/p>\n\n\n\n<figure class=\"wp-block-image\"><img loading=\"lazy\" decoding=\"async\" width=\"1024\" height=\"576\" src=\"https:\/\/wisdomandroses.com\/wp-content\/uploads\/2026\/03\/Still-2026-02-27-165309_1.21.1-1024x576.jpg\" alt=\"\" class=\"wp-image-1708\" srcset=\"https:\/\/wisdomandroses.com\/wp-content\/uploads\/2026\/03\/Still-2026-02-27-165309_1.21.1-1024x576.jpg 1024w, https:\/\/wisdomandroses.com\/wp-content\/uploads\/2026\/03\/Still-2026-02-27-165309_1.21.1-300x169.jpg 300w, https:\/\/wisdomandroses.com\/wp-content\/uploads\/2026\/03\/Still-2026-02-27-165309_1.21.1-768x432.jpg 768w, https:\/\/wisdomandroses.com\/wp-content\/uploads\/2026\/03\/Still-2026-02-27-165309_1.21.1-1536x864.jpg 1536w, https:\/\/wisdomandroses.com\/wp-content\/uploads\/2026\/03\/Still-2026-02-27-165309_1.21.1-2048x1152.jpg 2048w, https:\/\/wisdomandroses.com\/wp-content\/uploads\/2026\/03\/Still-2026-02-27-165309_1.21.1-18x10.jpg 18w\" sizes=\"auto, (max-width: 767px) 89vw, (max-width: 1000px) 54vw, (max-width: 1071px) 543px, 580px\" \/><\/figure>\n\n\n\n<figure class=\"wp-block-image\"><img loading=\"lazy\" decoding=\"async\" width=\"2560\" height=\"1440\" src=\"https:\/\/wisdomandroses.com\/wp-content\/uploads\/2026\/03\/Still-2026-02-27-165309_1.26.1-scaled.jpg\" alt=\"\" class=\"wp-image-1730\" srcset=\"https:\/\/wisdomandroses.com\/wp-content\/uploads\/2026\/03\/Still-2026-02-27-165309_1.26.1-scaled.jpg 2560w, https:\/\/wisdomandroses.com\/wp-content\/uploads\/2026\/03\/Still-2026-02-27-165309_1.26.1-300x169.jpg 300w, https:\/\/wisdomandroses.com\/wp-content\/uploads\/2026\/03\/Still-2026-02-27-165309_1.26.1-1024x576.jpg 1024w, https:\/\/wisdomandroses.com\/wp-content\/uploads\/2026\/03\/Still-2026-02-27-165309_1.26.1-768x432.jpg 768w, https:\/\/wisdomandroses.com\/wp-content\/uploads\/2026\/03\/Still-2026-02-27-165309_1.26.1-1536x864.jpg 1536w, https:\/\/wisdomandroses.com\/wp-content\/uploads\/2026\/03\/Still-2026-02-27-165309_1.26.1-2048x1152.jpg 2048w, https:\/\/wisdomandroses.com\/wp-content\/uploads\/2026\/03\/Still-2026-02-27-165309_1.26.1-18x10.jpg 18w\" sizes=\"auto, (max-width: 767px) 89vw, (max-width: 1000px) 54vw, (max-width: 1071px) 543px, 580px\" \/><\/figure>\n\n\n\n<figure class=\"wp-block-image\"><img loading=\"lazy\" decoding=\"async\" width=\"2560\" height=\"1440\" src=\"https:\/\/wisdomandroses.com\/wp-content\/uploads\/2026\/03\/Still-2026-02-27-165309_1.20.1-scaled.jpg\" alt=\"\" class=\"wp-image-1733\" srcset=\"https:\/\/wisdomandroses.com\/wp-content\/uploads\/2026\/03\/Still-2026-02-27-165309_1.20.1-scaled.jpg 2560w, https:\/\/wisdomandroses.com\/wp-content\/uploads\/2026\/03\/Still-2026-02-27-165309_1.20.1-300x169.jpg 300w, https:\/\/wisdomandroses.com\/wp-content\/uploads\/2026\/03\/Still-2026-02-27-165309_1.20.1-1024x576.jpg 1024w, https:\/\/wisdomandroses.com\/wp-content\/uploads\/2026\/03\/Still-2026-02-27-165309_1.20.1-768x432.jpg 768w, https:\/\/wisdomandroses.com\/wp-content\/uploads\/2026\/03\/Still-2026-02-27-165309_1.20.1-1536x864.jpg 1536w, https:\/\/wisdomandroses.com\/wp-content\/uploads\/2026\/03\/Still-2026-02-27-165309_1.20.1-2048x1152.jpg 2048w, https:\/\/wisdomandroses.com\/wp-content\/uploads\/2026\/03\/Still-2026-02-27-165309_1.20.1-18x10.jpg 18w\" sizes=\"auto, (max-width: 767px) 89vw, (max-width: 1000px) 54vw, (max-width: 1071px) 543px, 580px\" \/><\/figure>\n\n\n\n<p>Hier findest Du einen \u00dcberblick \u00fcber meine Angebote. Vielleicht ist genau das dabei, was Dich in Deiner aktuellen Situation unterst\u00fctzen kann: <\/p>\n\n\n\n<p><a href=\"https:\/\/wisdomandroses.com\/en\/uber-reiki-information-in-villach\/\" data-type=\"page\" data-id=\"9\">Reiki mit Chakrenausgleich<\/a><br><a href=\"https:\/\/wisdomandroses.com\/en\/tag\/elise-mila\/\" data-type=\"post_tag\" data-id=\"307\">Elise-Mila<\/a><br><a href=\"https:\/\/wisdomandroses.com\/en\/aurareinigung-clearing\/\" data-type=\"page\" data-id=\"1008\">Aurareinigung &amp; Clearing<\/a><br><a href=\"https:\/\/wisdomandroses.com\/en\/energetische-lichtchirurgie\/\" data-type=\"page\" data-id=\"1498\">energetische Lichtchirurgie nach Wisdom &amp; Roses <\/a><br><a href=\"https:\/\/wisdomandroses.com\/en\/rosenfeld-aufstellungsarbeit\/\" data-type=\"page\" data-id=\"1631\">Rosenfeld-Aufstellungsarbeit nach Wisdom &amp; Roses<\/a><br><a href=\"https:\/\/wisdomandroses.com\/en\/energetische-wirbelsaulen-neuausrichtung\/\" data-type=\"page\" data-id=\"896\">energetische Wirbels\u00e4ulen Neuausrichtung<\/a><br><a href=\"https:\/\/wisdomandroses.com\/en\/fernbehandlungen\/\" data-type=\"page\" data-id=\"1654\">energetische Fernbehandlungen<\/a><br><a href=\"https:\/\/wisdomandroses.com\/en\/tierenergetik\/\" data-type=\"page\" data-id=\"1695\">Tierenergetik<\/a><br><a href=\"https:\/\/wisdomandroses.com\/en\/raumenergetik\/\" data-type=\"page\" data-id=\"1681\">Raumenergetik<\/a><br><a href=\"https:\/\/wisdomandroses.com\/en\/ausbildung-zur-elise-mila-heilerin\/\" data-type=\"page\" data-id=\"1407\">Ausbildung zur Elise-Mila Energetikerin<\/a><br><a href=\"https:\/\/wisdomandroses.com\/en\/einweihung-in-deinen-ursprungsnamen\/\" data-type=\"page\" data-id=\"1664\">Einweihung in Deine Ursprungsfrequenz<\/a><br><a href=\"https:\/\/wisdomandroses.com\/en\/heilungsfrequenzen-quantenheilung\/\" data-type=\"page\" data-id=\"1148\">Arbeit mit Quantenfeldern<\/a><br><a href=\"https:\/\/wisdomandroses.com\/en\/numerologie\/\" data-type=\"page\" data-id=\"1453\">Numerologie<\/a><\/p>\n\n\n\n<figure class=\"wp-block-gallery has-nested-images columns-default is-cropped wp-block-gallery-1 is-layout-flex wp-block-gallery-is-layout-flex\">\n<figure class=\"wp-block-image size-large\"><img loading=\"lazy\" decoding=\"async\" width=\"1024\" height=\"614\" data-id=\"1231\" src=\"https:\/\/wisdomandroses.com\/wp-content\/uploads\/2020\/04\/cropped-DSC_1127-1024x614.jpg\" alt=\"Praxis f\u00fcr Humanenergetik &amp; Bewusstseinscoaching Reiki, Elise Mila, Clearing, Aura Reinigung, Quantenheilung\" class=\"wp-image-1231\" srcset=\"https:\/\/wisdomandroses.com\/wp-content\/uploads\/2020\/04\/cropped-DSC_1127-1024x614.jpg 1024w, https:\/\/wisdomandroses.com\/wp-content\/uploads\/2020\/04\/cropped-DSC_1127-300x180.jpg 300w, https:\/\/wisdomandroses.com\/wp-content\/uploads\/2020\/04\/cropped-DSC_1127-768x461.jpg 768w, https:\/\/wisdomandroses.com\/wp-content\/uploads\/2020\/04\/cropped-DSC_1127-1536x922.jpg 1536w, https:\/\/wisdomandroses.com\/wp-content\/uploads\/2020\/04\/cropped-DSC_1127-18x12.jpg 18w, https:\/\/wisdomandroses.com\/wp-content\/uploads\/2020\/04\/cropped-DSC_1127.jpg 2000w\" sizes=\"auto, (max-width: 767px) 89vw, (max-width: 1000px) 54vw, (max-width: 1071px) 543px, 580px\" \/><\/figure>\n\n\n\n<figure class=\"wp-block-image size-large\"><img loading=\"lazy\" decoding=\"async\" width=\"1024\" height=\"614\" data-id=\"1233\" src=\"https:\/\/wisdomandroses.com\/wp-content\/uploads\/2020\/03\/cropped-DSC_1150-1024x614.jpg\" alt=\"\" class=\"wp-image-1233\" srcset=\"https:\/\/wisdomandroses.com\/wp-content\/uploads\/2020\/03\/cropped-DSC_1150-1024x614.jpg 1024w, https:\/\/wisdomandroses.com\/wp-content\/uploads\/2020\/03\/cropped-DSC_1150-300x180.jpg 300w, https:\/\/wisdomandroses.com\/wp-content\/uploads\/2020\/03\/cropped-DSC_1150-768x461.jpg 768w, https:\/\/wisdomandroses.com\/wp-content\/uploads\/2020\/03\/cropped-DSC_1150-1536x922.jpg 1536w, https:\/\/wisdomandroses.com\/wp-content\/uploads\/2020\/03\/cropped-DSC_1150-18x12.jpg 18w, https:\/\/wisdomandroses.com\/wp-content\/uploads\/2020\/03\/cropped-DSC_1150.jpg 2000w\" sizes=\"auto, (max-width: 767px) 89vw, (max-width: 1000px) 54vw, (max-width: 1071px) 543px, 580px\" \/><\/figure>\n\n\n\n<figure class=\"wp-block-image size-large\"><img loading=\"lazy\" decoding=\"async\" width=\"1024\" height=\"614\" data-id=\"1234\" src=\"https:\/\/wisdomandroses.com\/wp-content\/uploads\/2020\/04\/cropped-Reikibehandlung-zum-Wohlfuehlen-1024x614.jpg\" alt=\"\" class=\"wp-image-1234\" srcset=\"https:\/\/wisdomandroses.com\/wp-content\/uploads\/2020\/04\/cropped-Reikibehandlung-zum-Wohlfuehlen-1024x614.jpg 1024w, https:\/\/wisdomandroses.com\/wp-content\/uploads\/2020\/04\/cropped-Reikibehandlung-zum-Wohlfuehlen-300x180.jpg 300w, https:\/\/wisdomandroses.com\/wp-content\/uploads\/2020\/04\/cropped-Reikibehandlung-zum-Wohlfuehlen-768x461.jpg 768w, https:\/\/wisdomandroses.com\/wp-content\/uploads\/2020\/04\/cropped-Reikibehandlung-zum-Wohlfuehlen-1536x922.jpg 1536w, https:\/\/wisdomandroses.com\/wp-content\/uploads\/2020\/04\/cropped-Reikibehandlung-zum-Wohlfuehlen-18x12.jpg 18w, https:\/\/wisdomandroses.com\/wp-content\/uploads\/2020\/04\/cropped-Reikibehandlung-zum-Wohlfuehlen.jpg 2000w\" sizes=\"auto, (max-width: 767px) 89vw, (max-width: 1000px) 54vw, (max-width: 1071px) 543px, 580px\" \/><\/figure>\n\n\n\n<figure class=\"wp-block-image size-large\"><img loading=\"lazy\" decoding=\"async\" width=\"141\" height=\"101\" data-id=\"1265\" src=\"https:\/\/wisdomandroses.com\/wp-content\/uploads\/2024\/12\/Energiebehandlung-Reiki-in-Villach.jpg\" alt=\"\" class=\"wp-image-1265\" srcset=\"https:\/\/wisdomandroses.com\/wp-content\/uploads\/2024\/12\/Energiebehandlung-Reiki-in-Villach.jpg 141w, https:\/\/wisdomandroses.com\/wp-content\/uploads\/2024\/12\/Energiebehandlung-Reiki-in-Villach-18x12.jpg 18w\" sizes=\"auto, (max-width: 141px) 100vw, 141px\" \/><\/figure>\n\n\n\n<figure class=\"wp-block-image size-large\"><img loading=\"lazy\" decoding=\"async\" width=\"684\" height=\"1024\" data-id=\"645\" src=\"https:\/\/wisdomandroses.com\/wp-content\/uploads\/2020\/04\/DSC_1131-Gro\u00df-684x1024.jpg\" alt=\"\" class=\"wp-image-645\" srcset=\"https:\/\/wisdomandroses.com\/wp-content\/uploads\/2020\/04\/DSC_1131-Gro\u00df-684x1024.jpg 684w, https:\/\/wisdomandroses.com\/wp-content\/uploads\/2020\/04\/DSC_1131-Gro\u00df-200x300.jpg 200w, https:\/\/wisdomandroses.com\/wp-content\/uploads\/2020\/04\/DSC_1131-Gro\u00df.jpg 721w\" sizes=\"auto, (max-width: 684px) 100vw, 684px\" \/><\/figure>\n\n\n\n<figure class=\"wp-block-image size-large\"><img loading=\"lazy\" decoding=\"async\" width=\"680\" height=\"1020\" data-id=\"1324\" src=\"https:\/\/wisdomandroses.com\/wp-content\/uploads\/2024\/12\/Handauflegen-Heilung-Reiki-in-Villach.jpg\" alt=\"\" class=\"wp-image-1324\" srcset=\"https:\/\/wisdomandroses.com\/wp-content\/uploads\/2024\/12\/Handauflegen-Heilung-Reiki-in-Villach.jpg 680w, https:\/\/wisdomandroses.com\/wp-content\/uploads\/2024\/12\/Handauflegen-Heilung-Reiki-in-Villach-200x300.jpg 200w, https:\/\/wisdomandroses.com\/wp-content\/uploads\/2024\/12\/Handauflegen-Heilung-Reiki-in-Villach-8x12.jpg 8w\" sizes=\"auto, (max-width: 680px) 100vw, 680px\" \/><\/figure>\n\n\n\n<figure class=\"wp-block-image size-large\"><img loading=\"lazy\" decoding=\"async\" width=\"683\" height=\"1024\" data-id=\"474\" src=\"https:\/\/wisdomandroses.com\/wp-content\/uploads\/2020\/03\/20140331-DSC_1077-683x1024.jpg\" alt=\"Reiki in Villach\" class=\"wp-image-474\" srcset=\"https:\/\/wisdomandroses.com\/wp-content\/uploads\/2020\/03\/20140331-DSC_1077-683x1024.jpg 683w, https:\/\/wisdomandroses.com\/wp-content\/uploads\/2020\/03\/20140331-DSC_1077-200x300.jpg 200w, https:\/\/wisdomandroses.com\/wp-content\/uploads\/2020\/03\/20140331-DSC_1077-768x1152.jpg 768w, https:\/\/wisdomandroses.com\/wp-content\/uploads\/2020\/03\/20140331-DSC_1077.jpg 1000w\" sizes=\"auto, (max-width: 683px) 100vw, 683px\" \/><\/figure>\n\n\n\n<figure class=\"wp-block-image size-large\"><img loading=\"lazy\" decoding=\"async\" width=\"683\" height=\"1024\" data-id=\"475\" src=\"https:\/\/wisdomandroses.com\/wp-content\/uploads\/2020\/03\/20140331-DSC_1111-683x1024.jpg\" alt=\"\" class=\"wp-image-475\" srcset=\"https:\/\/wisdomandroses.com\/wp-content\/uploads\/2020\/03\/20140331-DSC_1111-683x1024.jpg 683w, https:\/\/wisdomandroses.com\/wp-content\/uploads\/2020\/03\/20140331-DSC_1111-200x300.jpg 200w, https:\/\/wisdomandroses.com\/wp-content\/uploads\/2020\/03\/20140331-DSC_1111-768x1152.jpg 768w, https:\/\/wisdomandroses.com\/wp-content\/uploads\/2020\/03\/20140331-DSC_1111.jpg 1000w\" sizes=\"auto, (max-width: 683px) 100vw, 683px\" \/><\/figure>\n\n\n\n<figure class=\"wp-block-image size-large\"><img loading=\"lazy\" decoding=\"async\" width=\"683\" height=\"1024\" data-id=\"478\" src=\"https:\/\/wisdomandroses.com\/wp-content\/uploads\/2020\/03\/20140622-DSC03415-683x1024.jpg\" alt=\"\" class=\"wp-image-478\" srcset=\"https:\/\/wisdomandroses.com\/wp-content\/uploads\/2020\/03\/20140622-DSC03415-683x1024.jpg 683w, https:\/\/wisdomandroses.com\/wp-content\/uploads\/2020\/03\/20140622-DSC03415-200x300.jpg 200w, https:\/\/wisdomandroses.com\/wp-content\/uploads\/2020\/03\/20140622-DSC03415-768x1152.jpg 768w, https:\/\/wisdomandroses.com\/wp-content\/uploads\/2020\/03\/20140622-DSC03415.jpg 1000w\" sizes=\"auto, (max-width: 683px) 100vw, 683px\" \/><\/figure>\n<\/figure>\n\n\n\n<p><strong>Ziele meiner T\u00e4tigkeit<\/strong><\/p>\n\n\n\n<ul class=\"wp-block-list\">\n<li>Verbesserung bzw. St\u00e4rkung des Energiezustandes und Energieflusses&nbsp;<\/li>\n\n\n\n<li>L\u00f6sen von energetischen Blockaden und der damit verbundene Abbau von Stress<\/li>\n\n\n\n<li>Auswirkungen von schw\u00e4chenden oder blockierenden Au\u00dfen- und Fremdeinfl\u00fcssen auf das individuelle Energiesystem des Klienten minimieren<\/li>\n\n\n\n<li>Aktivierung und St\u00e4rkung der Selbstheilungskr\u00e4fte<\/li>\n\n\n\n<li>St\u00e4rkung der Verbindung zum Individuellen H\u00f6heren Selbst<\/li>\n\n\n\n<li>Mit der Wiederherstellung der k\u00f6rperlichen und energetischen Ausgewogenheit verbundene Verbesserung des geistigen, seelischen, k\u00f6rperlichen und sozialen Wohlbefindens erzielen<\/li>\n\n\n\n<li>Gesundheitsf\u00f6rderung und Gesundheitserhaltung mit Quantenfeldern, diese sind verbunden mit einer Regulation der k\u00f6rpereigenen Ungleichgewichte und gehen mit einer Steigerung des Wohlbefindens des Klienten einher<\/li>\n<\/ul>\n\n\n\n<p><\/p>\n\n\n\n<p><em>Eine energetische Anwendung kann eine hilfreiche Erg\u00e4nzung zu schulmedizinischen&nbsp;und therapeutischen&nbsp;Behandlungen sein f\u00fcr&nbsp;Dein&nbsp;inneres und \u00e4u\u00dferes Gleichgewicht und um Gesundheit auf allen Ebenen herzustellen. Meine Ma\u00dfnahmen dienen zur Wiederherstellung und Harmonisierung der k\u00f6rpereigenen Energiefelder und stellen keine Heilbehandlung im Sinne des \u00c4rztevorbehaltes dar. Sie sind keinerlei Ersatz f\u00fcr \u00e4rztliche Diagnosen und Behandlungen!<\/em><\/p>\n\n\n<div class=\"wp-block-image\">\n<figure class=\"aligncenter size-large is-resized\"><img loading=\"lazy\" decoding=\"async\" width=\"874\" height=\"1024\" src=\"https:\/\/wisdomandroses.com\/wp-content\/uploads\/2025\/02\/Berufliche-Sorgfalt_Humanenergetik-in-Villach-874x1024.png\" alt=\"\" class=\"wp-image-1348\" style=\"width:188px;height:auto\" srcset=\"https:\/\/wisdomandroses.com\/wp-content\/uploads\/2025\/02\/Berufliche-Sorgfalt_Humanenergetik-in-Villach-874x1024.png 874w, https:\/\/wisdomandroses.com\/wp-content\/uploads\/2025\/02\/Berufliche-Sorgfalt_Humanenergetik-in-Villach-256x300.png 256w, https:\/\/wisdomandroses.com\/wp-content\/uploads\/2025\/02\/Berufliche-Sorgfalt_Humanenergetik-in-Villach-768x900.png 768w, https:\/\/wisdomandroses.com\/wp-content\/uploads\/2025\/02\/Berufliche-Sorgfalt_Humanenergetik-in-Villach-10x12.png 10w, https:\/\/wisdomandroses.com\/wp-content\/uploads\/2025\/02\/Berufliche-Sorgfalt_Humanenergetik-in-Villach.png 969w\" sizes=\"auto, (max-width: 767px) 89vw, (max-width: 1000px) 54vw, (max-width: 1071px) 543px, 580px\" \/><\/figure>\n<\/div>\n\n\n<p class=\"has-text-align-center\"><strong>Vertrauen, das sichtbar wird<\/strong><br>\u2605\u2605\u2605\u2605\u2605 <em>30 5-Sterne-Bewertungen auf Google<\/em><\/p>","protected":false},"excerpt":{"rendered":"<p>Ein Raum f\u00fcr Ruhe, Klarheit und Verbindung mit Deinem HerzenSch\u00f6n, dass Du hier bist Hier findest Du einen \u00dcberblick \u00fcber meine Angebote. Vielleicht ist genau das dabei, was Dich in Deiner aktuellen Situation unterst\u00fctzen kann: Reiki mit ChakrenausgleichElise-MilaAurareinigung &amp; Clearingenergetische Lichtchirurgie nach Wisdom &amp; Roses Rosenfeld-Aufstellungsarbeit nach Wisdom &amp; Rosesenergetische Wirbels\u00e4ulen Neuausrichtungenergetische FernbehandlungenTierenergetikRaumenergetikAusbildung zur Elise-Mila &hellip; <\/p>\n<p class=\"link-more\"><a href=\"https:\/\/wisdomandroses.com\/en\/\" class=\"more-link\">Continue reading<span class=\"screen-reader-text\"> &#8222;Herzlich Willkommen bei                                           Wisdom &amp; Roses&#8220;<\/span><\/a><\/p>","protected":false},"author":1,"featured_media":0,"parent":0,"menu_order":0,"comment_status":"closed","ping_status":"closed","template":"","meta":{"ngg_post_thumbnail":0,"footnotes":""},"class_list":["post-80","page","type-page","status-publish","hentry"],"jetpack_sharing_enabled":true,"_links":{"self":[{"href":"https:\/\/wisdomandroses.com\/en\/wp-json\/wp\/v2\/pages\/80","targetHints":{"allow":["GET"]}}],"collection":[{"href":"https:\/\/wisdomandroses.com\/en\/wp-json\/wp\/v2\/pages"}],"about":[{"href":"https:\/\/wisdomandroses.com\/en\/wp-json\/wp\/v2\/types\/page"}],"author":[{"embeddable":true,"href":"https:\/\/wisdomandroses.com\/en\/wp-json\/wp\/v2\/users\/1"}],"replies":[{"embeddable":true,"href":"https:\/\/wisdomandroses.com\/en\/wp-json\/wp\/v2\/comments?post=80"}],"version-history":[{"count":78,"href":"https:\/\/wisdomandroses.com\/en\/wp-json\/wp\/v2\/pages\/80\/revisions"}],"predecessor-version":[{"id":1741,"href":"https:\/\/wisdomandroses.com\/en\/wp-json\/wp\/v2\/pages\/80\/revisions\/1741"}],"wp:attachment":[{"href":"https:\/\/wisdomandroses.com\/en\/wp-json\/wp\/v2\/media?parent=80"}],"curies":[{"name":"wp","href":"https:\/\/api.w.org\/{rel}","templated":true}]}}