{"id":411,"date":"2020-03-05T12:49:13","date_gmt":"2020-03-05T11:49:13","guid":{"rendered":"https:\/\/wisdomandroses.com\/?page_id=411"},"modified":"2021-01-08T10:46:11","modified_gmt":"2021-01-08T09:46:11","slug":"reiki-fur-kinder-in-villach-heilmethode","status":"publish","type":"page","link":"https:\/\/wisdomandroses.com\/en\/reiki-fur-kinder-in-villach-heilmethode\/","title":{"rendered":"Reiki f\u00fcr Kinder"},"content":{"rendered":"<p> Reiki ist ebenso f\u00fcr die &#8222;kleinen Erwachsenen&#8220; geeignet.  <\/p>\n\n\n\n<p> Je nach Anliegen kann sowohl eine Behandlung vor Ort, als auch mittels Fern-Reiki erfolgen.  (Klicke <a href=\"https:\/\/wisdomandroses.com\/en\/fern-reiki\/\">hier<\/a> um mehr \u00fcber Fern-Reiki zu erfahren)<br>Die  Behandlung wird auf die Bed\u00fcrfnisse des Kindes abgestimmt. Falls ein  Kind nicht liegen m\u00f6chte, kann die Behandlung auch im Sitzen  durchgef\u00fchrt werden.  <\/p>\n\n\n\n<p> <em><strong>Anwendungsgebiete:  <\/strong><\/em><\/p>\n\n\n\n<ul class=\"wp-block-list\"><li><strong>Einschlafprobleme<\/strong><\/li><li><strong>Aufmerksamkeitsst\u00f6rungen, Nervosit\u00e4t<\/strong><\/li><li><strong>Unsicherheit, Sorgen, Zweifel<\/strong><\/li><li><strong>\u00c4ngste (Schule, Pr\u00fcfungen, Tiere) <\/strong><\/li><li><strong>Abnabeln  <\/strong><\/li><\/ul>\n\n\n\n<p> <\/p>\n\n\n\n<p> Rufe mich gerne unter folgender Nummer (0664 2375023) an, um einen  Termin zu buchen oder falls Du Fragen hast, dann trete mit mir \u00fcber das <a href=\"https:\/\/wisdomandroses.com\/en\/kontaktformular\/\">Kontaktformular<\/a> in Verbindung!  <\/p>\n\n\n\n<div class=\"wp-block-image\"><figure class=\"aligncenter size-large\"><img loading=\"lazy\" decoding=\"async\" width=\"255\" height=\"187\" src=\"https:\/\/wisdomandroses.com\/wp-content\/uploads\/2019\/11\/Reiki-Logo.png\" alt=\"Reiki-Logo-orange-in-Villach\" class=\"wp-image-10\"\/><\/figure><\/div>","protected":false},"excerpt":{"rendered":"<p>Reiki ist ebenso f\u00fcr die &#8222;kleinen Erwachsenen&#8220; geeignet. Je nach Anliegen kann sowohl eine Behandlung vor Ort, als auch mittels Fern-Reiki erfolgen. (Klicke hier um mehr \u00fcber Fern-Reiki zu erfahren)Die Behandlung wird auf die Bed\u00fcrfnisse des Kindes abgestimmt. Falls ein Kind nicht liegen m\u00f6chte, kann die Behandlung auch im Sitzen durchgef\u00fchrt werden. Anwendungsgebiete: Einschlafprobleme Aufmerksamkeitsst\u00f6rungen, &hellip; <\/p>\n<p class=\"link-more\"><a href=\"https:\/\/wisdomandroses.com\/en\/reiki-fur-kinder-in-villach-heilmethode\/\" class=\"more-link\">Continue reading<span class=\"screen-reader-text\"> &#8222;Reiki f\u00fcr Kinder&#8220;<\/span><\/a><\/p>","protected":false},"author":1,"featured_media":0,"parent":0,"menu_order":0,"comment_status":"closed","ping_status":"closed","template":"","meta":{"ngg_post_thumbnail":0,"footnotes":""},"class_list":["post-411","page","type-page","status-publish","hentry"],"jetpack_sharing_enabled":true,"_links":{"self":[{"href":"https:\/\/wisdomandroses.com\/en\/wp-json\/wp\/v2\/pages\/411","targetHints":{"allow":["GET"]}}],"collection":[{"href":"https:\/\/wisdomandroses.com\/en\/wp-json\/wp\/v2\/pages"}],"about":[{"href":"https:\/\/wisdomandroses.com\/en\/wp-json\/wp\/v2\/types\/page"}],"author":[{"embeddable":true,"href":"https:\/\/wisdomandroses.com\/en\/wp-json\/wp\/v2\/users\/1"}],"replies":[{"embeddable":true,"href":"https:\/\/wisdomandroses.com\/en\/wp-json\/wp\/v2\/comments?post=411"}],"version-history":[{"count":4,"href":"https:\/\/wisdomandroses.com\/en\/wp-json\/wp\/v2\/pages\/411\/revisions"}],"predecessor-version":[{"id":792,"href":"https:\/\/wisdomandroses.com\/en\/wp-json\/wp\/v2\/pages\/411\/revisions\/792"}],"wp:attachment":[{"href":"https:\/\/wisdomandroses.com\/en\/wp-json\/wp\/v2\/media?parent=411"}],"curies":[{"name":"wp","href":"https:\/\/api.w.org\/{rel}","templated":true}]}}