{"id":38,"date":"2019-11-09T11:50:32","date_gmt":"2019-11-09T10:50:32","guid":{"rendered":"https:\/\/reikivillach.victorwillhuber.com\/?page_id=38"},"modified":"2024-10-18T17:06:01","modified_gmt":"2024-10-18T15:06:01","slug":"impressum-wisdomandroses-reiki-in-villach-behandlung-entspannung-reikiblog","status":"publish","type":"page","link":"https:\/\/wisdomandroses.com\/en\/impressum-wisdomandroses-reiki-in-villach-behandlung-entspannung-reikiblog\/","title":{"rendered":"Impressum"},"content":{"rendered":"<p class=\"has-text-align-center has-very-light-gray-background-color has-background\">Inhaberin der Webseite: <br><em>Ria Anja Maria Janoch-M\u00fcller M.A.<\/em><br>WKO Mitglied\/ GISA-Zahl: 35753766<\/p>\n\n\n\n<p>Gewerbewortlaut: Hilfestellung zur Erreichung einer k\u00f6rperlichen bzw. energetischen Ausgewogenheit mittels der Methode von Dr. Bach, mittels Biofeedback oder Bioresonanz, mittels Auswahl von Farben, D\u00fcften, Lichtquellen, Aromastoffen, Edelsteinen, Musik, unter Anwendung kinesiologischer Methoden, mittels Interpretation der Aura, mittels Magnetfeldanwendung, durch sanfte Ber\u00fchrung des K\u00f6rpers bzw. gezieltes Auflegen der H\u00e4nde an bestimmten K\u00f6rperstellen, mittels Cranio Sacral Balancing, durch Ber\u00fccksichtigung bioenergetischer, geobiologischer, elektrobiologischer, baubiologischer und geomantischer Gesichtspunkte, durch Ber\u00fccksichtigung der Auswirkungen der energetischen Geometrie und Lichtphysik, mittels Feng Shui, Zen, Vastu bzw. anderer lebensraumrelevanter Aspekte verschiedener Epochen und Kulturen, mittels Numerologie, mittels Wassersuche sowie radi\u00e4sthetischen Untersuchungen mit Rute, Pendel etc, mittels Wahrnehmung raumenergetischer Ph\u00e4nomene mit und ohne Ger\u00e4teunterst\u00fctzung, durch Ber\u00fccksichtigung von Planetenkonstellationen und lunaren Energien<\/p>\n\n\n\n<p class=\"has-text-align-center\"><br>Kontaktdaten: <br>Ria Anja Maria Janoch-M\u00fcller, M.A.<br>Sagrad 5\/3<br>9063 Maria Saal<br><em>0043664 2375023<br>kontakt@wisdomandroses.com<\/em><br><a href=\"https:\/\/wisdomandroses.com\/en\/kontaktformular\/\"><em>Kontaktformular<\/em><\/a><br><\/p>","protected":false},"excerpt":{"rendered":"<p>Inhaberin der Webseite: Ria Anja Maria Janoch-M\u00fcller M.A.WKO Mitglied\/ GISA-Zahl: 35753766 Gewerbewortlaut: Hilfestellung zur Erreichung einer k\u00f6rperlichen bzw. energetischen Ausgewogenheit mittels der Methode von Dr. Bach, mittels Biofeedback oder Bioresonanz, mittels Auswahl von Farben, D\u00fcften, Lichtquellen, Aromastoffen, Edelsteinen, Musik, unter Anwendung kinesiologischer Methoden, mittels Interpretation der Aura, mittels Magnetfeldanwendung, durch sanfte Ber\u00fchrung des K\u00f6rpers bzw. &hellip; <\/p>\n<p class=\"link-more\"><a href=\"https:\/\/wisdomandroses.com\/en\/impressum-wisdomandroses-reiki-in-villach-behandlung-entspannung-reikiblog\/\" class=\"more-link\">Continue reading<span class=\"screen-reader-text\"> &#8222;Impressum&#8220;<\/span><\/a><\/p>","protected":false},"author":1,"featured_media":0,"parent":0,"menu_order":0,"comment_status":"closed","ping_status":"closed","template":"","meta":{"ngg_post_thumbnail":0,"footnotes":""},"class_list":["post-38","page","type-page","status-publish","hentry"],"jetpack_sharing_enabled":true,"_links":{"self":[{"href":"https:\/\/wisdomandroses.com\/en\/wp-json\/wp\/v2\/pages\/38","targetHints":{"allow":["GET"]}}],"collection":[{"href":"https:\/\/wisdomandroses.com\/en\/wp-json\/wp\/v2\/pages"}],"about":[{"href":"https:\/\/wisdomandroses.com\/en\/wp-json\/wp\/v2\/types\/page"}],"author":[{"embeddable":true,"href":"https:\/\/wisdomandroses.com\/en\/wp-json\/wp\/v2\/users\/1"}],"replies":[{"embeddable":true,"href":"https:\/\/wisdomandroses.com\/en\/wp-json\/wp\/v2\/comments?post=38"}],"version-history":[{"count":27,"href":"https:\/\/wisdomandroses.com\/en\/wp-json\/wp\/v2\/pages\/38\/revisions"}],"predecessor-version":[{"id":1162,"href":"https:\/\/wisdomandroses.com\/en\/wp-json\/wp\/v2\/pages\/38\/revisions\/1162"}],"wp:attachment":[{"href":"https:\/\/wisdomandroses.com\/en\/wp-json\/wp\/v2\/media?parent=38"}],"curies":[{"name":"wp","href":"https:\/\/api.w.org\/{rel}","templated":true}]}}