{"id":375,"date":"2020-02-19T14:32:38","date_gmt":"2020-02-19T13:32:38","guid":{"rendered":"https:\/\/wisdomandroses.com\/?page_id=375"},"modified":"2025-02-07T12:27:45","modified_gmt":"2025-02-07T11:27:45","slug":"wirkung-von-reiki-korperliche-ebene-in-villach-heilmethode","status":"publish","type":"page","link":"https:\/\/wisdomandroses.com\/en\/wirkung-von-reiki-korperliche-ebene-in-villach-heilmethode\/","title":{"rendered":"Wirkung von Reiki &#8211; K\u00f6rperliche Ebene"},"content":{"rendered":"<ul class=\"wp-block-list\">\n<li>Entgiftung, Entkrampfung, Entschlackung              <\/li>\n\n\n\n<li>F\u00f6rderung der Durchblutung &amp; der Wundheilung\u00a0              <\/li>\n\n\n\n<li>Kraft &amp; Energie     <\/li>\n\n\n\n<li>Ausgleichung der Verdauungsst\u00f6rungen (hilft bei\u00a0Durchfall\/Verstopfung)     <\/li>\n\n\n\n<li>Schmerzlinderung (Kopf-, R\u00fccken-, Gelenkschmerzen etc.)     <\/li>\n\n\n\n<li>Regulierung der Hormonschwankungen\u00a0(lindert\u00a0Wechseljahresbeschwerden, Midlife Crisis und Diabetes)    <\/li>\n\n\n\n<li>St\u00e4rkung des Immunsystems     <\/li>\n<\/ul>\n\n\n\n<p>Du m\u00f6chtest einen Termin buchen? Melde Dich gerne unter folgender Nummer: 0664 2375023 oder \u00fcber das <a href=\"https:\/\/wisdomandroses.com\/en\/kontaktformular-reiki-in-villach-termin-buchen\/\">Kontaktformular<\/a> bei mir!<\/p>\n\n\n<div class=\"wp-block-image\">\n<figure class=\"aligncenter size-large is-resized\"><img loading=\"lazy\" decoding=\"async\" width=\"1024\" height=\"683\" src=\"https:\/\/wisdomandroses.com\/wp-content\/uploads\/2020\/04\/Reikibehandlung-zum-Wohlf\u00fchlen-1024x683.jpg\" alt=\"\" class=\"wp-image-650\" style=\"width:418px;height:278px\" srcset=\"https:\/\/wisdomandroses.com\/wp-content\/uploads\/2020\/04\/Reikibehandlung-zum-Wohlf\u00fchlen-1024x683.jpg 1024w, https:\/\/wisdomandroses.com\/wp-content\/uploads\/2020\/04\/Reikibehandlung-zum-Wohlf\u00fchlen-300x200.jpg 300w, https:\/\/wisdomandroses.com\/wp-content\/uploads\/2020\/04\/Reikibehandlung-zum-Wohlf\u00fchlen-768x512.jpg 768w, https:\/\/wisdomandroses.com\/wp-content\/uploads\/2020\/04\/Reikibehandlung-zum-Wohlf\u00fchlen.jpg 1500w\" sizes=\"auto, (max-width: 767px) 89vw, (max-width: 1000px) 54vw, (max-width: 1071px) 543px, 580px\" \/><figcaption class=\"wp-element-caption\">\u00a9 Andrea Percht<\/figcaption><\/figure>\n<\/div>\n\n\n<p><em>Eine energetische Anwendung kann eine hilfreiche Erg\u00e4nzung zu schulmedizinischen\u00a0und therapeutischen\u00a0Behandlungen sein f\u00fcr\u00a0Dein\u00a0inneres und \u00e4u\u00dferes Gleichgewicht und um Gesundheit auf allen Ebenen herzustellen. Meine Ma\u00dfnahmen dienen zur Wiederherstellung und Harmonisierung der k\u00f6rpereigenen Energiefelder und stellen keine Heilbehandlung im Sinne des \u00c4rztevorbehaltes dar. Sie sind keinerlei Ersatz f\u00fcr \u00e4rztliche Diagnosen und Behandlungen!<\/em><\/p>","protected":false},"excerpt":{"rendered":"<p>Du m\u00f6chtest einen Termin buchen? Melde Dich gerne unter folgender Nummer: 0664 2375023 oder \u00fcber das Kontaktformular bei mir! Eine energetische Anwendung kann eine hilfreiche Erg\u00e4nzung zu schulmedizinischen\u00a0und therapeutischen\u00a0Behandlungen sein f\u00fcr\u00a0Dein\u00a0inneres und \u00e4u\u00dferes Gleichgewicht und um Gesundheit auf allen Ebenen herzustellen. Meine Ma\u00dfnahmen dienen zur Wiederherstellung und Harmonisierung der k\u00f6rpereigenen Energiefelder und stellen keine Heilbehandlung &hellip; <\/p>\n<p class=\"link-more\"><a href=\"https:\/\/wisdomandroses.com\/en\/wirkung-von-reiki-korperliche-ebene-in-villach-heilmethode\/\" class=\"more-link\">Continue reading<span class=\"screen-reader-text\"> &#8222;Wirkung von Reiki &#8211; K\u00f6rperliche Ebene&#8220;<\/span><\/a><\/p>","protected":false},"author":1,"featured_media":0,"parent":0,"menu_order":0,"comment_status":"closed","ping_status":"closed","template":"","meta":{"ngg_post_thumbnail":0,"footnotes":""},"class_list":["post-375","page","type-page","status-publish","hentry"],"jetpack_sharing_enabled":true,"_links":{"self":[{"href":"https:\/\/wisdomandroses.com\/en\/wp-json\/wp\/v2\/pages\/375","targetHints":{"allow":["GET"]}}],"collection":[{"href":"https:\/\/wisdomandroses.com\/en\/wp-json\/wp\/v2\/pages"}],"about":[{"href":"https:\/\/wisdomandroses.com\/en\/wp-json\/wp\/v2\/types\/page"}],"author":[{"embeddable":true,"href":"https:\/\/wisdomandroses.com\/en\/wp-json\/wp\/v2\/users\/1"}],"replies":[{"embeddable":true,"href":"https:\/\/wisdomandroses.com\/en\/wp-json\/wp\/v2\/comments?post=375"}],"version-history":[{"count":5,"href":"https:\/\/wisdomandroses.com\/en\/wp-json\/wp\/v2\/pages\/375\/revisions"}],"predecessor-version":[{"id":1351,"href":"https:\/\/wisdomandroses.com\/en\/wp-json\/wp\/v2\/pages\/375\/revisions\/1351"}],"wp:attachment":[{"href":"https:\/\/wisdomandroses.com\/en\/wp-json\/wp\/v2\/media?parent=375"}],"curies":[{"name":"wp","href":"https:\/\/api.w.org\/{rel}","templated":true}]}}