{"id":369,"date":"2020-02-19T14:17:51","date_gmt":"2020-02-19T13:17:51","guid":{"rendered":"https:\/\/wisdomandroses.com\/?page_id=369"},"modified":"2025-02-07T12:30:07","modified_gmt":"2025-02-07T11:30:07","slug":"wirkung-von-reiki-emotionale-ebene-in-villach-heilmethode","status":"publish","type":"page","link":"https:\/\/wisdomandroses.com\/en\/wirkung-von-reiki-emotionale-ebene-in-villach-heilmethode\/","title":{"rendered":"Wirkung von Reiki &#8211; Emotionale Ebene"},"content":{"rendered":"<ul class=\"wp-block-list\">\n<li>Entwicklung bzw. St\u00e4rkung der Abgrenzungsf\u00e4higkeit     <\/li>\n\n\n\n<li>Aufl\u00f6sen\u00a0von\u00a0Gef\u00fchlsblockaden &amp; Angstzust\u00e4nden <\/li>\n\n\n\n<li>Emotionale Ausgeglichenheit             <\/li>\n\n\n\n<li>Entspannung         <\/li>\n\n\n\n<li>f\u00f6rdert Verst\u00e4ndnis, Liebe &amp; Mitgef\u00fchl               <\/li>\n\n\n\n<li>Lebensfreude <\/li>\n\n\n\n<li>Selbstakzeptanz     <\/li>\n<\/ul>\n\n\n\n<p>Klicke <a href=\"https:\/\/wisdomandroses.com\/en\/wirkung-von-reiki-korperliche-ebene-in-villach-heilmethode\/\">hier<\/a>, um mehr \u00fcber die Wirkung auf der k\u00f6rperlichen Ebene zu erfahren!<\/p>\n\n\n\n<p>Du m\u00f6chtest einen Termin buchen? Dann melde Dich gerne unter folgender Nummer: 0664 2375023 oder verwende das <a href=\"https:\/\/wisdomandroses.com\/en\/kontaktformular-reiki-in-villach-termin-buchen\/\">Kontaktformular<\/a>!<\/p>\n\n\n<div class=\"wp-block-image\">\n<figure class=\"aligncenter size-large is-resized\"><img loading=\"lazy\" decoding=\"async\" width=\"1024\" height=\"683\" src=\"https:\/\/wisdomandroses.com\/wp-content\/uploads\/2020\/04\/Heilung-Reiki-R\u00fcckenbehandlung-1024x683.jpg\" alt=\"\" class=\"wp-image-648\" style=\"width:401px;height:267px\" srcset=\"https:\/\/wisdomandroses.com\/wp-content\/uploads\/2020\/04\/Heilung-Reiki-R\u00fcckenbehandlung-1024x683.jpg 1024w, https:\/\/wisdomandroses.com\/wp-content\/uploads\/2020\/04\/Heilung-Reiki-R\u00fcckenbehandlung-300x200.jpg 300w, https:\/\/wisdomandroses.com\/wp-content\/uploads\/2020\/04\/Heilung-Reiki-R\u00fcckenbehandlung-768x512.jpg 768w, https:\/\/wisdomandroses.com\/wp-content\/uploads\/2020\/04\/Heilung-Reiki-R\u00fcckenbehandlung.jpg 1500w\" sizes=\"auto, (max-width: 767px) 89vw, (max-width: 1000px) 54vw, (max-width: 1071px) 543px, 580px\" \/><figcaption class=\"wp-element-caption\">\u00a9 Andrea Percht<\/figcaption><\/figure>\n<\/div>\n\n\n<p><em>Eine energetische Anwendung kann eine hilfreiche Erg\u00e4nzung zu schulmedizinischen\u00a0und therapeutischen\u00a0Behandlungen sein f\u00fcr\u00a0Dein\u00a0inneres und \u00e4u\u00dferes Gleichgewicht und um Gesundheit auf allen Ebenen herzustellen. Meine Ma\u00dfnahmen dienen zur Wiederherstellung und Harmonisierung der k\u00f6rpereigenen Energiefelder und stellen keine Heilbehandlung im Sinne des \u00c4rztevorbehaltes dar. Sie sind keinerlei Ersatz f\u00fcr \u00e4rztliche Diagnosen und Behandlungen!<\/em><\/p>","protected":false},"excerpt":{"rendered":"<p>Klicke hier, um mehr \u00fcber die Wirkung auf der k\u00f6rperlichen Ebene zu erfahren! Du m\u00f6chtest einen Termin buchen? Dann melde Dich gerne unter folgender Nummer: 0664 2375023 oder verwende das Kontaktformular! Eine energetische Anwendung kann eine hilfreiche Erg\u00e4nzung zu schulmedizinischen\u00a0und therapeutischen\u00a0Behandlungen sein f\u00fcr\u00a0Dein\u00a0inneres und \u00e4u\u00dferes Gleichgewicht und um Gesundheit auf allen Ebenen herzustellen. Meine Ma\u00dfnahmen &hellip; <\/p>\n<p class=\"link-more\"><a href=\"https:\/\/wisdomandroses.com\/en\/wirkung-von-reiki-emotionale-ebene-in-villach-heilmethode\/\" class=\"more-link\">Continue reading<span class=\"screen-reader-text\"> &#8222;Wirkung von Reiki &#8211; Emotionale Ebene&#8220;<\/span><\/a><\/p>","protected":false},"author":1,"featured_media":0,"parent":0,"menu_order":0,"comment_status":"closed","ping_status":"closed","template":"","meta":{"ngg_post_thumbnail":0,"footnotes":""},"class_list":["post-369","page","type-page","status-publish","hentry"],"jetpack_sharing_enabled":true,"_links":{"self":[{"href":"https:\/\/wisdomandroses.com\/en\/wp-json\/wp\/v2\/pages\/369","targetHints":{"allow":["GET"]}}],"collection":[{"href":"https:\/\/wisdomandroses.com\/en\/wp-json\/wp\/v2\/pages"}],"about":[{"href":"https:\/\/wisdomandroses.com\/en\/wp-json\/wp\/v2\/types\/page"}],"author":[{"embeddable":true,"href":"https:\/\/wisdomandroses.com\/en\/wp-json\/wp\/v2\/users\/1"}],"replies":[{"embeddable":true,"href":"https:\/\/wisdomandroses.com\/en\/wp-json\/wp\/v2\/comments?post=369"}],"version-history":[{"count":5,"href":"https:\/\/wisdomandroses.com\/en\/wp-json\/wp\/v2\/pages\/369\/revisions"}],"predecessor-version":[{"id":1353,"href":"https:\/\/wisdomandroses.com\/en\/wp-json\/wp\/v2\/pages\/369\/revisions\/1353"}],"wp:attachment":[{"href":"https:\/\/wisdomandroses.com\/en\/wp-json\/wp\/v2\/media?parent=369"}],"curies":[{"name":"wp","href":"https:\/\/api.w.org\/{rel}","templated":true}]}}