{"id":366,"date":"2020-02-19T14:07:49","date_gmt":"2020-02-19T13:07:49","guid":{"rendered":"https:\/\/wisdomandroses.com\/?page_id=366"},"modified":"2025-02-07T12:29:06","modified_gmt":"2025-02-07T11:29:06","slug":"wirkung-von-reiki-mentale-ebene-reiki-in-villach-heilmethode","status":"publish","type":"page","link":"https:\/\/wisdomandroses.com\/en\/wirkung-von-reiki-mentale-ebene-reiki-in-villach-heilmethode\/","title":{"rendered":"Wirkung von Reiki &#8211; Mentale Ebene"},"content":{"rendered":"<ul class=\"wp-block-list\">\n<li>Befreiung von Alltagsstress\/ -sorgen hin zur Gelassenheit  <\/li>\n\n\n\n<li>Erkennen &amp; Loslassen negativer Denkstrukturen (hilft\u00a0Ver\u00e4nderungen zu         akzeptieren,\u00a0unterst\u00fctzend\u00a0auch\u00a0w\u00e4hrend\u00a0der\u00a0Wechseljahre\/\u00a0Midlife Krise)     <\/li>\n\n\n\n<li>F\u00f6rderung der Lernf\u00e4higkeit &amp; Konzentration               <\/li>\n\n\n\n<li> Kl\u00e4rung und Beruhigung der Gedanken      <\/li>\n\n\n\n<li> Entwicklung bzw. St\u00e4rkung des Selbstbewusstseins<\/li>\n<\/ul>\n\n\n\n<p>Klicke <a href=\"https:\/\/wisdomandroses.com\/en\/wirkung-von-reiki-emotionale-ebene-in-villach-heilmethode\/\">hier<\/a>, um mehr \u00fcber die Wirkung auf der emotionalen Ebene zu erfahren!<\/p>\n\n\n\n<p>Du m\u00f6chtest einen Termin buchen? <a href=\"https:\/\/wisdomandroses.com\/en\/kontaktformular-reiki-in-villach-termin-buchen\/\">Hier<\/a> kommst Du zum Kontaktformular oder melde Dich gerne direkt unter folgender Nummer: 06642375023<\/p>\n\n\n<div class=\"wp-block-image\">\n<figure class=\"aligncenter size-large is-resized\"><img loading=\"lazy\" decoding=\"async\" width=\"1024\" height=\"683\" src=\"https:\/\/wisdomandroses.com\/wp-content\/uploads\/2020\/04\/DSC_1127-1024x683.jpg\" alt=\"\" class=\"wp-image-642\" style=\"width:440px;height:293px\" srcset=\"https:\/\/wisdomandroses.com\/wp-content\/uploads\/2020\/04\/DSC_1127-1024x683.jpg 1024w, https:\/\/wisdomandroses.com\/wp-content\/uploads\/2020\/04\/DSC_1127-300x200.jpg 300w, https:\/\/wisdomandroses.com\/wp-content\/uploads\/2020\/04\/DSC_1127-768x512.jpg 768w, https:\/\/wisdomandroses.com\/wp-content\/uploads\/2020\/04\/DSC_1127.jpg 1500w\" sizes=\"auto, (max-width: 767px) 89vw, (max-width: 1000px) 54vw, (max-width: 1071px) 543px, 580px\" \/><figcaption class=\"wp-element-caption\">\u00a9 Andrea Percht<\/figcaption><\/figure>\n<\/div>\n\n\n<p><em>Eine energetische Anwendung kann eine hilfreiche Erg\u00e4nzung zu schulmedizinischen\u00a0und therapeutischen\u00a0Behandlungen sein f\u00fcr\u00a0Dein\u00a0inneres und \u00e4u\u00dferes Gleichgewicht und um Gesundheit auf allen Ebenen herzustellen. Meine Ma\u00dfnahmen dienen zur Wiederherstellung und Harmonisierung der k\u00f6rpereigenen Energiefelder und stellen keine Heilbehandlung im Sinne des \u00c4rztevorbehaltes dar. Sie sind keinerlei Ersatz f\u00fcr \u00e4rztliche Diagnosen und Behandlungen!<\/em><\/p>","protected":false},"excerpt":{"rendered":"<p>Klicke hier, um mehr \u00fcber die Wirkung auf der emotionalen Ebene zu erfahren! Du m\u00f6chtest einen Termin buchen? Hier kommst Du zum Kontaktformular oder melde Dich gerne direkt unter folgender Nummer: 06642375023 Eine energetische Anwendung kann eine hilfreiche Erg\u00e4nzung zu schulmedizinischen\u00a0und therapeutischen\u00a0Behandlungen sein f\u00fcr\u00a0Dein\u00a0inneres und \u00e4u\u00dferes Gleichgewicht und um Gesundheit auf allen Ebenen herzustellen. Meine &hellip; <\/p>\n<p class=\"link-more\"><a href=\"https:\/\/wisdomandroses.com\/en\/wirkung-von-reiki-mentale-ebene-reiki-in-villach-heilmethode\/\" class=\"more-link\">Continue reading<span class=\"screen-reader-text\"> &#8222;Wirkung von Reiki &#8211; Mentale Ebene&#8220;<\/span><\/a><\/p>","protected":false},"author":1,"featured_media":0,"parent":0,"menu_order":0,"comment_status":"closed","ping_status":"closed","template":"","meta":{"ngg_post_thumbnail":0,"footnotes":""},"class_list":["post-366","page","type-page","status-publish","hentry"],"jetpack_sharing_enabled":true,"_links":{"self":[{"href":"https:\/\/wisdomandroses.com\/en\/wp-json\/wp\/v2\/pages\/366","targetHints":{"allow":["GET"]}}],"collection":[{"href":"https:\/\/wisdomandroses.com\/en\/wp-json\/wp\/v2\/pages"}],"about":[{"href":"https:\/\/wisdomandroses.com\/en\/wp-json\/wp\/v2\/types\/page"}],"author":[{"embeddable":true,"href":"https:\/\/wisdomandroses.com\/en\/wp-json\/wp\/v2\/users\/1"}],"replies":[{"embeddable":true,"href":"https:\/\/wisdomandroses.com\/en\/wp-json\/wp\/v2\/comments?post=366"}],"version-history":[{"count":5,"href":"https:\/\/wisdomandroses.com\/en\/wp-json\/wp\/v2\/pages\/366\/revisions"}],"predecessor-version":[{"id":1352,"href":"https:\/\/wisdomandroses.com\/en\/wp-json\/wp\/v2\/pages\/366\/revisions\/1352"}],"wp:attachment":[{"href":"https:\/\/wisdomandroses.com\/en\/wp-json\/wp\/v2\/media?parent=366"}],"curies":[{"name":"wp","href":"https:\/\/api.w.org\/{rel}","templated":true}]}}