{"id":323,"date":"2020-02-14T11:09:13","date_gmt":"2020-02-14T10:09:13","guid":{"rendered":"https:\/\/wisdomandroses.com\/?page_id=323"},"modified":"2024-10-18T17:07:59","modified_gmt":"2024-10-18T15:07:59","slug":"sitemap-wisdomandroses-reiki-in-villach-reikiblog-behandlung","status":"publish","type":"page","link":"https:\/\/wisdomandroses.com\/en\/sitemap-wisdomandroses-reiki-in-villach-reikiblog-behandlung\/","title":{"rendered":"Sitemap"},"content":{"rendered":"<p class=\"has-text-align-center\"><a href=\"https:\/\/wisdomandroses.com\/en\/\">Home &#8211; Reiki in Villach <\/a><br><a href=\"https:\/\/wisdomandroses.com\/en\/uber-reiki\/\">\u00dcber Reiki<\/a><br><a href=\"https:\/\/wisdomandroses.com\/en\/wirkung\/\">Wirkung von Reiki<\/a><br><a href=\"https:\/\/wisdomandroses.com\/en\/wirkung-von-reiki-mentale-ebene\/\">Wirkung von Reiki &#8211; Mentale Ebene<\/a><br><a href=\"https:\/\/wisdomandroses.com\/en\/wirkung-von-reiki-emotionale-ebene\/\">Wirkung von Reiki &#8211; Emotionale Ebene<\/a><br><a href=\"https:\/\/wisdomandroses.com\/en\/wirkung-von-reiki-korperliche-ebene\/\">Wirkung von Reiki &#8211; K\u00f6rperliche Ebene<\/a><br><a href=\"https:\/\/wisdomandroses.com\/en\/anwendung\/\">Anwendung von Reiki<\/a><br><a href=\"https:\/\/wisdomandroses.com\/en\/reiki-fur-kinder\/\">Reiki f\u00fcr Kinder<\/a><br><a href=\"https:\/\/wisdomandroses.com\/en\/entspannung-fur-werdende-mutter\/\" data-type=\"page\" data-id=\"847\">Entspannung f\u00fcr werdende M\u00fctter<br><\/a><a href=\"https:\/\/wisdomandroses.com\/en\/fern-reiki\/\">Fern-Reiki<\/a><br><a href=\"https:\/\/wisdomandroses.com\/en\/reiki-fur-tiere\/\">Reiki f\u00fcr Tiere<\/a><br><a href=\"https:\/\/wisdomandroses.com\/en\/elise-mila\/\" data-type=\"page\" data-id=\"1027\">Elise Mila<br><\/a><a href=\"https:\/\/wisdomandroses.com\/en\/energetische-wirbelsaulen-neuausrichtung\/\" data-type=\"page\" data-id=\"896\">energetische Wirbels\u00e4ulen Neuausrichtung<\/a><br><a href=\"https:\/\/wisdomandroses.com\/en\/aurareinigung-clearing\/\" data-type=\"page\" data-id=\"1008\">Aura Reinigung &amp; Clearing<\/a><br><a href=\"https:\/\/wisdomandroses.com\/en\/heilungsfrequenzen-quantenheilung\/\" data-type=\"page\" data-id=\"1148\">Heilungsfrequenzen &amp; Quantenheilung<br><\/a><a href=\"https:\/\/wisdomandroses.com\/en\/seelenheilbilder-ein-kuss-von-deiner-seele\/\" data-type=\"page\" data-id=\"904\">Seelenheilbilder &#8211; ein Kuss von Deiner Seele<\/a><br><a href=\"https:\/\/wisdomandroses.com\/en\/balsam-gold-seelenlicht-wochentliche-energieubertragung-uber-die-ferne\/\" data-type=\"page\" data-id=\"1030\">Balsam, Gold &amp; Seelenlicht-Abo<br><\/a><a href=\"https:\/\/wisdomandroses.com\/en\/kontaktformular\/\">Kontaktformular<\/a><br><a href=\"https:\/\/wisdomandroses.com\/en\/uber-mich\/\">\u00dcber mich<br><\/a><a href=\"https:\/\/wisdomandroses.com\/en\/reiki-lounge-galeria-bilder-reikibehandlung-in-villach\/\">Galerie<\/a><br><a href=\"https:\/\/wisdomandroses.com\/en\/der-erste-reikiblog-mit-themen-rund-um-spiritualitat-und-personlichkeitsentwicklung\/\" data-type=\"page\" data-id=\"29\">Wisdom &amp; Roses-Blog<br><\/a><a href=\"https:\/\/wisdomandroses.com\/en\/impressum\/\">Impressum<\/a><br><a href=\"https:\/\/wisdomandroses.com\/en\/datenschutzerklarung\/\" data-type=\"page\" data-id=\"1120\">Datenschutzerkl\u00e4rung<\/a><br><a href=\"https:\/\/wisdomandroses.com\/en\/channeling-botschaften\/\" data-type=\"page\" data-id=\"1082\">Channeling Botschaften<\/a><\/p>\n\n\n<div class=\"wp-block-image is-resized is-style-circle-mask\">\n<figure class=\"aligncenter size-large\"><img loading=\"lazy\" decoding=\"async\" width=\"768\" height=\"1024\" src=\"https:\/\/wisdomandroses.com\/wp-content\/uploads\/2020\/01\/rose-2702643_1280-768x1024.jpg\" alt=\"Rose Reiki Liebe Symbol Villach\" class=\"wp-image-306\" srcset=\"https:\/\/wisdomandroses.com\/wp-content\/uploads\/2020\/01\/rose-2702643_1280-768x1024.jpg 768w, https:\/\/wisdomandroses.com\/wp-content\/uploads\/2020\/01\/rose-2702643_1280-225x300.jpg 225w, https:\/\/wisdomandroses.com\/wp-content\/uploads\/2020\/01\/rose-2702643_1280.jpg 960w\" sizes=\"auto, (max-width: 767px) 89vw, (max-width: 1000px) 54vw, (max-width: 1071px) 543px, 580px\" \/><\/figure>\n<\/div>\n\n\n<p><\/p>\n\n\n\n<p><\/p>","protected":false},"excerpt":{"rendered":"<p>Home &#8211; Reiki in Villach \u00dcber ReikiWirkung von ReikiWirkung von Reiki &#8211; Mentale EbeneWirkung von Reiki &#8211; Emotionale EbeneWirkung von Reiki &#8211; K\u00f6rperliche EbeneAnwendung von ReikiReiki f\u00fcr KinderEntspannung f\u00fcr werdende M\u00fctterFern-ReikiReiki f\u00fcr TiereElise Milaenergetische Wirbels\u00e4ulen NeuausrichtungAura Reinigung &amp; ClearingHeilungsfrequenzen &amp; QuantenheilungSeelenheilbilder &#8211; ein Kuss von Deiner SeeleBalsam, Gold &amp; Seelenlicht-AboKontaktformular\u00dcber michGalerieWisdom &amp; Roses-BlogImpressumDatenschutzerkl\u00e4rungChanneling Botschaften<\/p>","protected":false},"author":1,"featured_media":0,"parent":0,"menu_order":0,"comment_status":"closed","ping_status":"closed","template":"","meta":{"ngg_post_thumbnail":0,"footnotes":""},"class_list":["post-323","page","type-page","status-publish","hentry"],"jetpack_sharing_enabled":true,"_links":{"self":[{"href":"https:\/\/wisdomandroses.com\/en\/wp-json\/wp\/v2\/pages\/323","targetHints":{"allow":["GET"]}}],"collection":[{"href":"https:\/\/wisdomandroses.com\/en\/wp-json\/wp\/v2\/pages"}],"about":[{"href":"https:\/\/wisdomandroses.com\/en\/wp-json\/wp\/v2\/types\/page"}],"author":[{"embeddable":true,"href":"https:\/\/wisdomandroses.com\/en\/wp-json\/wp\/v2\/users\/1"}],"replies":[{"embeddable":true,"href":"https:\/\/wisdomandroses.com\/en\/wp-json\/wp\/v2\/comments?post=323"}],"version-history":[{"count":14,"href":"https:\/\/wisdomandroses.com\/en\/wp-json\/wp\/v2\/pages\/323\/revisions"}],"predecessor-version":[{"id":1163,"href":"https:\/\/wisdomandroses.com\/en\/wp-json\/wp\/v2\/pages\/323\/revisions\/1163"}],"wp:attachment":[{"href":"https:\/\/wisdomandroses.com\/en\/wp-json\/wp\/v2\/media?parent=323"}],"curies":[{"name":"wp","href":"https:\/\/api.w.org\/{rel}","templated":true}]}}