{"id":230,"date":"2020-01-06T19:45:00","date_gmt":"2020-01-06T18:45:00","guid":{"rendered":"https:\/\/wisdomandroses.com\/?page_id=230"},"modified":"2024-06-07T15:24:55","modified_gmt":"2024-06-07T13:24:55","slug":"fern-reiki-heilmethode-wirkung-in-villach","status":"publish","type":"page","link":"https:\/\/wisdomandroses.com\/en\/fern-reiki-heilmethode-wirkung-in-villach\/","title":{"rendered":"Fern-Reiki"},"content":{"rendered":"<p>Du m\u00f6chtest gerne an einer Reiki-Behandlung teilhaben, wohnst aber zu weit weg oder bist k\u00f6rperlich zu eingeschr\u00e4nkt, um nach Villach zu meiner Reiki-Lounge zu gelangen? <br>Es gibt noch eine weitere M\u00f6glichkeit, Dich mit der Reiki-Energie zu verbinden und zwar mittels Fern-Reiki.<\/p>\n\n\n\n<p>Mithilfe eines Fernheilungssymboles flie\u00dft Reiki \u00fcber Raum und Zeit hinweg zu Dir.<br>Es eignet sich zur Behandlung aller unter der Kategorie <a href=\"https:\/\/wisdomandroses.com\/en\/wirkung\/\">Wirkung <\/a>angef\u00fchrten Bereiche.<\/p>\n\n\n\n<p><strong>Weitere Anwendungsgebiete:<\/strong><\/p>\n\n\n\n<ul class=\"wp-block-list\">\n<li><strong> Reiki wirkt bei Pr\u00fcfungsstress, Versagensangst, Nervosit\u00e4t und Zweifel und kann in den Zeitraum von Pr\u00fcfungsterminen, Pr\u00e4sentationen, Bewerbungsgespr\u00e4chen geschickt werden <\/strong><\/li>\n\n\n\n<li><strong>Reiki wirkt bei Unwohlsein bzw. Seekrankheit und kann in den Zeitraum von l\u00e4ngeren Reisen (Schiffsreisen, Flugreisen) flie\u00dfen <\/strong><\/li>\n\n\n\n<li><strong>Reiki wirkt unterst\u00fctzend bei Operationen und kann in den Zeitraum vor und nach medizinischen Eingriffen geschickt werden<\/strong><\/li>\n\n\n\n<li><strong>Reiki wirkt heilend bei Traumata, Schocks, negativen Pr\u00e4gungen und kann r\u00fcckwirkend in negative Ereignisse geschickt werden<\/strong><\/li>\n\n\n\n<li><strong>Reiki kann den Sterbeprozess f\u00fcr im Sterben Liegende erleichtern<\/strong><\/li>\n\n\n\n<li><strong>Reiki wirkt unterst\u00fctzend bei Geburten<\/strong><\/li>\n<\/ul>\n\n\n\n<p>Wenn Du Interesse an einer Reiki-Fernbehandlung hast, setze Dich mit mir \u00fcber das <a href=\"https:\/\/wisdomandroses.com\/en\/kontaktformular\/\">Kontaktformular<\/a> in Verbindung! Ich freue mich auf Dich \ud83d\ude42<\/p>\n\n\n\n<p>Au\u00dferdem ben\u00f6tige ich per Mail bzw. Whatsapp ein Foto von Dir mit Deinem Namen, Geburtsdatum, Geburtsort sowie dem gew\u00fcnschten Zeitpunkt\/ -dauer und Anliegen.<\/p>\n\n\n\n<p>Der Ausgleich f\u00fcr die Reiki Fern\u00fcbertragung betr\u00e4gt 100 Euro und dauert 1 Stunde. Der Betrag wird im Vorhinein \u00fcberwiesen und die Rechnung nach der Behandlung per Mail oder per Whatsapp zugeschickt. <\/p>\n\n\n\n<p><\/p>\n\n\n\n<p><\/p>","protected":false},"excerpt":{"rendered":"<p>Du m\u00f6chtest gerne an einer Reiki-Behandlung teilhaben, wohnst aber zu weit weg oder bist k\u00f6rperlich zu eingeschr\u00e4nkt, um nach Villach zu meiner Reiki-Lounge zu gelangen? Es gibt noch eine weitere M\u00f6glichkeit, Dich mit der Reiki-Energie zu verbinden und zwar mittels Fern-Reiki. Mithilfe eines Fernheilungssymboles flie\u00dft Reiki \u00fcber Raum und Zeit hinweg zu Dir.Es eignet sich &hellip; <\/p>\n<p class=\"link-more\"><a href=\"https:\/\/wisdomandroses.com\/en\/fern-reiki-heilmethode-wirkung-in-villach\/\" class=\"more-link\">Continue reading<span class=\"screen-reader-text\"> &#8222;Fern-Reiki&#8220;<\/span><\/a><\/p>","protected":false},"author":1,"featured_media":0,"parent":0,"menu_order":0,"comment_status":"closed","ping_status":"closed","template":"","meta":{"ngg_post_thumbnail":0,"footnotes":""},"class_list":["post-230","page","type-page","status-publish","hentry"],"jetpack_sharing_enabled":true,"_links":{"self":[{"href":"https:\/\/wisdomandroses.com\/en\/wp-json\/wp\/v2\/pages\/230","targetHints":{"allow":["GET"]}}],"collection":[{"href":"https:\/\/wisdomandroses.com\/en\/wp-json\/wp\/v2\/pages"}],"about":[{"href":"https:\/\/wisdomandroses.com\/en\/wp-json\/wp\/v2\/types\/page"}],"author":[{"embeddable":true,"href":"https:\/\/wisdomandroses.com\/en\/wp-json\/wp\/v2\/users\/1"}],"replies":[{"embeddable":true,"href":"https:\/\/wisdomandroses.com\/en\/wp-json\/wp\/v2\/comments?post=230"}],"version-history":[{"count":13,"href":"https:\/\/wisdomandroses.com\/en\/wp-json\/wp\/v2\/pages\/230\/revisions"}],"predecessor-version":[{"id":1145,"href":"https:\/\/wisdomandroses.com\/en\/wp-json\/wp\/v2\/pages\/230\/revisions\/1145"}],"wp:attachment":[{"href":"https:\/\/wisdomandroses.com\/en\/wp-json\/wp\/v2\/media?parent=230"}],"curies":[{"name":"wp","href":"https:\/\/api.w.org\/{rel}","templated":true}]}}