{"id":23,"date":"2019-11-09T11:24:29","date_gmt":"2019-11-09T10:24:29","guid":{"rendered":"https:\/\/reikivillach.victorwillhuber.com\/?page_id=23"},"modified":"2020-07-22T17:52:14","modified_gmt":"2020-07-22T15:52:14","slug":"reiki-fur-tiere-villach-heilmethode","status":"publish","type":"page","link":"https:\/\/wisdomandroses.com\/en\/reiki-fur-tiere-villach-heilmethode\/","title":{"rendered":"Reiki f\u00fcr Tiere"},"content":{"rendered":"<p class=\"has-text-align-center\"><strong><em>M\u00f6chtest Du Deinem Tier Gutes tun\u2026?<\/em><\/strong><\/p>\n\n\n\n<div class=\"wp-block-image is-style-default\"><figure class=\"aligncenter size-large\"><img loading=\"lazy\" decoding=\"async\" width=\"1024\" height=\"397\" src=\"https:\/\/wisdomandroses.com\/wp-content\/uploads\/2019\/12\/pexels-photo-406014-1024x397.jpeg\" alt=\"Reiki f\u00fcr Tiere Hunde Fernreiki Villach\" class=\"wp-image-218\" srcset=\"https:\/\/wisdomandroses.com\/wp-content\/uploads\/2019\/12\/pexels-photo-406014-1024x397.jpeg 1024w, https:\/\/wisdomandroses.com\/wp-content\/uploads\/2019\/12\/pexels-photo-406014-300x116.jpeg 300w, https:\/\/wisdomandroses.com\/wp-content\/uploads\/2019\/12\/pexels-photo-406014-768x298.jpeg 768w, https:\/\/wisdomandroses.com\/wp-content\/uploads\/2019\/12\/pexels-photo-406014-1536x595.jpeg 1536w, https:\/\/wisdomandroses.com\/wp-content\/uploads\/2019\/12\/pexels-photo-406014-2048x794.jpeg 2048w\" sizes=\"auto, (max-width: 767px) 89vw, (max-width: 1000px) 54vw, (max-width: 1071px) 543px, 580px\" \/><\/figure><\/div>\n\n\n\n<p>Um in den Genuss von <a href=\"https:\/\/wisdomandroses.com\/en\/wirkung\/\">Reiki<\/a> zu kommen, muss Dein lieber Vierbeiner nicht krank sein.<br>Reiki bringt wohltuende Entspannung und unterst\u00fctzt die Selbstheilungskr\u00e4fte, welche mittels Handauflegen aktiviert werden.<\/p>\n\n\n\n<p>Tiere sind sehr feinf\u00fchlig und daher besonders empf\u00e4nglich f\u00fcr <a href=\"https:\/\/wisdomandroses.com\/en\/anwendung\/\">Reiki<\/a>.<br>Eine positive Ver\u00e4nderung kann bereits nach einer Sitzung eintreten.<\/p>\n\n\n\n<p><strong>Einsatzm\u00f6glichkeiten:<\/strong><\/p>\n\n\n\n<ul class=\"wp-block-list\"><li><strong>Gew\u00f6hnung an eine neue Umgebung oder bei Ver\u00e4nderungen<\/strong><\/li><li><strong>Aufarbeitung traumatischer Ereignisse<\/strong><\/li><li><strong>beruhigende, stresslilndernde Wirkung<\/strong><\/li><li><strong>St\u00e4rkung des Vertrauens bei \u00e4ngstlichen Tieren<\/strong><\/li><li><strong>St\u00e4rkung des Immunsystems<\/strong><\/li><li><strong>Schmerzlinderung bei Verletzungen und nach Operationen<\/strong><\/li><li><strong>Unterst\u00fctzung anderer Therapieformen und langwierigen Heilungsprozessen<\/strong><\/li><li><strong>Bei Verhaltensauff\u00e4lligkeiten (z.B. Bellen, Aggression, Dominanz, Eifersucht, Unrein sein)<\/strong><\/li><li><strong>Aufregung, Schock, z. B. nach oder vor dem Tierarztbesuch oder Unf\u00e4llen<\/strong><\/li><li><strong>Angst vor Gegenst\u00e4nden, Ger\u00e4uschen, Menschen oder anderen Tieren<\/strong><\/li><\/ul>\n\n\n\n<p>Haus- bzw. Stallbesuche sind m\u00f6glich, um Deinem Tier jeglichen \n(Fahr-) Stress zu ersparen und ihm tiefe Entspannung im vertrauten \nUmfeld anbieten zu k\u00f6nnen.<\/p>\n\n\n\n<p>Wenn Dein Tier Ber\u00fchrungs\u00e4ngste hat, kann die Behandlung mittels Fern-Reiki erfolgen.<br>F\u00fcr weitere Ausk\u00fcnfte steht das <a href=\"https:\/\/wisdomandroses.com\/en\/kontaktformular\/\">Kontaktformular<\/a> zur Verf\u00fcgung! <\/p>\n\n\n\n<p><a href=\"https:\/\/wisdomandroses.com\/en\/uber-reiki\/\">Reiki<\/a> ersetzt weder die Diagnose oder Behandlung durch einen  Tierarzt, noch ist <a href=\"https:\/\/wisdomandroses.com\/en\/uber-reiki\/\">Reiki<\/a> ein Ersatz f\u00fcr artgerechte Haltung (diese  beinhaltet gesunde Ern\u00e4hrung, ausreichende Bewegung und eventuell  weitere Artgenossen). <\/p>\n\n\n\n<p class=\"has-text-align-center\"><strong><em>Du m\u00f6chtest einen Termin buchen?<br>Klicke <a href=\"https:\/\/wisdomandroses.com\/en\/kontaktformular\/\">hier<\/a> und trete mit mir \u00fcber das <a href=\"https:\/\/wisdomandroses.com\/en\/kontaktformular\/\">Kontaktformular<\/a> in Verbindung!<\/em><\/strong><\/p>\n\n\n\n<p><\/p>","protected":false},"excerpt":{"rendered":"<p>M\u00f6chtest Du Deinem Tier Gutes tun\u2026? Um in den Genuss von Reiki zu kommen, muss Dein lieber Vierbeiner nicht krank sein.Reiki bringt wohltuende Entspannung und unterst\u00fctzt die Selbstheilungskr\u00e4fte, welche mittels Handauflegen aktiviert werden. Tiere sind sehr feinf\u00fchlig und daher besonders empf\u00e4nglich f\u00fcr Reiki.Eine positive Ver\u00e4nderung kann bereits nach einer Sitzung eintreten. Einsatzm\u00f6glichkeiten: Gew\u00f6hnung an eine &hellip; <\/p>\n<p class=\"link-more\"><a href=\"https:\/\/wisdomandroses.com\/en\/reiki-fur-tiere-villach-heilmethode\/\" class=\"more-link\">Continue reading<span class=\"screen-reader-text\"> &#8222;Reiki f\u00fcr Tiere&#8220;<\/span><\/a><\/p>","protected":false},"author":1,"featured_media":0,"parent":0,"menu_order":0,"comment_status":"closed","ping_status":"closed","template":"","meta":{"ngg_post_thumbnail":0,"footnotes":""},"class_list":["post-23","page","type-page","status-publish","hentry"],"jetpack_sharing_enabled":true,"_links":{"self":[{"href":"https:\/\/wisdomandroses.com\/en\/wp-json\/wp\/v2\/pages\/23","targetHints":{"allow":["GET"]}}],"collection":[{"href":"https:\/\/wisdomandroses.com\/en\/wp-json\/wp\/v2\/pages"}],"about":[{"href":"https:\/\/wisdomandroses.com\/en\/wp-json\/wp\/v2\/types\/page"}],"author":[{"embeddable":true,"href":"https:\/\/wisdomandroses.com\/en\/wp-json\/wp\/v2\/users\/1"}],"replies":[{"embeddable":true,"href":"https:\/\/wisdomandroses.com\/en\/wp-json\/wp\/v2\/comments?post=23"}],"version-history":[{"count":24,"href":"https:\/\/wisdomandroses.com\/en\/wp-json\/wp\/v2\/pages\/23\/revisions"}],"predecessor-version":[{"id":759,"href":"https:\/\/wisdomandroses.com\/en\/wp-json\/wp\/v2\/pages\/23\/revisions\/759"}],"wp:attachment":[{"href":"https:\/\/wisdomandroses.com\/en\/wp-json\/wp\/v2\/media?parent=23"}],"curies":[{"name":"wp","href":"https:\/\/api.w.org\/{rel}","templated":true}]}}