{"id":20,"date":"2019-11-09T11:23:14","date_gmt":"2019-11-09T10:23:14","guid":{"rendered":"https:\/\/reikivillach.victorwillhuber.com\/?page_id=20"},"modified":"2025-02-07T12:30:47","modified_gmt":"2025-02-07T11:30:47","slug":"anwendung-von-reiki-in-villach-heilmethode","status":"publish","type":"page","link":"https:\/\/wisdomandroses.com\/en\/anwendung-von-reiki-in-villach-heilmethode\/","title":{"rendered":"Anwendung von Reiki"},"content":{"rendered":"<div class=\"wp-block-group\"><div class=\"wp-block-group__inner-container is-layout-flow wp-block-group-is-layout-flow\">\n<p>Durch die Technik des Handauflegens wird die Reiki-Energie \u00fcbertragen.<br>Die H\u00e4nde k\u00f6nnen dabei direkt auf den K\u00f6rper aufgelegt oder auch in einigem Abstand gehalten werden, wenn es die Situation bzw. die betroffene K\u00f6rperpartie angeraten erscheinen l\u00e4sst.<br>Die Abfolgen der Handpositionen sind an dem System der sieben Chakren (Energiezentren) orientiert. <\/p>\n\n\n\n<p><br><strong>Eine Behandlung dauert eine Stunde.<\/strong> Bitte insgesamt 80 min einplanen, da vor und nach der Behandlung ein Gespr\u00e4ch stattfindet. Der Ausgleich betr\u00e4gt 100 Euro. <\/p>\n\n\n\n<p><br><a href=\"https:\/\/wisdomandroses.com\/en\/wirkung\/\">Reiki<\/a> bewirkt, dass K\u00f6rper, Geist und Seele in Einklang und Harmonie miteinander kommen und f\u00fchrt zur Tiefenentspannung.<br><\/p>\n<\/div><\/div>\n\n\n\n<p>Du m\u00f6chtest einen Termin buchen? Dann melde Dich gerne \u00fcber das <a href=\"https:\/\/wisdomandroses.com\/en\/kontaktformular\/\">Kontaktformular<\/a> oder direkt unter folgender Nummer: 0664 2375023 <br>Ich freue mich auf Dich!<\/p>\n\n\n\n<p><em>Eine energetische Anwendung kann eine hilfreiche Erg\u00e4nzung zu schulmedizinischen\u00a0und therapeutischen\u00a0Behandlungen sein f\u00fcr\u00a0Dein\u00a0inneres und \u00e4u\u00dferes Gleichgewicht und um Gesundheit auf allen Ebenen herzustellen. Meine Ma\u00dfnahmen dienen zur Wiederherstellung und Harmonisierung der k\u00f6rpereigenen Energiefelder und stellen keine Heilbehandlung im Sinne des \u00c4rztevorbehaltes dar. Sie sind keinerlei Ersatz f\u00fcr \u00e4rztliche Diagnosen und Behandlungen!<\/em><\/p>","protected":false},"excerpt":{"rendered":"<p>Durch die Technik des Handauflegens wird die Reiki-Energie \u00fcbertragen.Die H\u00e4nde k\u00f6nnen dabei direkt auf den K\u00f6rper aufgelegt oder auch in einigem Abstand gehalten werden, wenn es die Situation bzw. die betroffene K\u00f6rperpartie angeraten erscheinen l\u00e4sst.Die Abfolgen der Handpositionen sind an dem System der sieben Chakren (Energiezentren) orientiert. Eine Behandlung dauert eine Stunde. Bitte insgesamt 80 &hellip; <\/p>\n<p class=\"link-more\"><a href=\"https:\/\/wisdomandroses.com\/en\/anwendung-von-reiki-in-villach-heilmethode\/\" class=\"more-link\">Continue reading<span class=\"screen-reader-text\"> &#8222;Anwendung von Reiki&#8220;<\/span><\/a><\/p>","protected":false},"author":1,"featured_media":474,"parent":0,"menu_order":0,"comment_status":"closed","ping_status":"closed","template":"","meta":{"ngg_post_thumbnail":0,"footnotes":""},"class_list":["post-20","page","type-page","status-publish","has-post-thumbnail","hentry"],"jetpack_sharing_enabled":true,"_links":{"self":[{"href":"https:\/\/wisdomandroses.com\/en\/wp-json\/wp\/v2\/pages\/20","targetHints":{"allow":["GET"]}}],"collection":[{"href":"https:\/\/wisdomandroses.com\/en\/wp-json\/wp\/v2\/pages"}],"about":[{"href":"https:\/\/wisdomandroses.com\/en\/wp-json\/wp\/v2\/types\/page"}],"author":[{"embeddable":true,"href":"https:\/\/wisdomandroses.com\/en\/wp-json\/wp\/v2\/users\/1"}],"replies":[{"embeddable":true,"href":"https:\/\/wisdomandroses.com\/en\/wp-json\/wp\/v2\/comments?post=20"}],"version-history":[{"count":19,"href":"https:\/\/wisdomandroses.com\/en\/wp-json\/wp\/v2\/pages\/20\/revisions"}],"predecessor-version":[{"id":1354,"href":"https:\/\/wisdomandroses.com\/en\/wp-json\/wp\/v2\/pages\/20\/revisions\/1354"}],"wp:featuredmedia":[{"embeddable":true,"href":"https:\/\/wisdomandroses.com\/en\/wp-json\/wp\/v2\/media\/474"}],"wp:attachment":[{"href":"https:\/\/wisdomandroses.com\/en\/wp-json\/wp\/v2\/media?parent=20"}],"curies":[{"name":"wp","href":"https:\/\/api.w.org\/{rel}","templated":true}]}}