{"id":17,"date":"2019-11-09T11:22:07","date_gmt":"2019-11-09T10:22:07","guid":{"rendered":"https:\/\/reikivillach.victorwillhuber.com\/?page_id=17"},"modified":"2025-02-07T12:34:20","modified_gmt":"2025-02-07T11:34:20","slug":"wirkung-von-reiki-in-villach-heilmethode","status":"publish","type":"page","link":"https:\/\/wisdomandroses.com\/en\/wirkung-von-reiki-in-villach-heilmethode\/","title":{"rendered":"Wirkung von Reiki"},"content":{"rendered":"<p>Reiki wirkt auf 3 Ebenen  &#8211; k\u00f6rperlich, geistig und seelisch. <\/p>\n\n\n\n<ul class=\"wp-block-list\">\n<li>Aktivierung der Selbstheilungskr\u00e4fte  und kann somit eine schnellere Genesung bei akuten bzw.  chronischen k\u00f6rperlichen Krankheiten ausl\u00f6sen<\/li>\n\n\n\n<li>kann eine positive Auswirkung auf die Schlafqualit\u00e4t haben<\/li>\n\n\n\n<li>entgiftende und entspannende Wirkung<\/li>\n\n\n\n<li>St\u00e4rkung des Immunsystems<\/li>\n\n\n\n<li>F\u00f6rderung des pers\u00f6nlichen Wachstums<\/li>\n\n\n\n<li>Energiesteigerung<\/li>\n\n\n\n<li>Emotionale Ausgeglichenheit<\/li>\n<\/ul>\n\n\n\n<p>Reiki l\u00e4sst sich sehr gut mit medizinischen Handlungsweisen kombinieren, ersetzt jedoch keinen Arztbesuch!<\/p>\n\n\n\n<p>Wie wird Reiki angewendet? Klicke <a href=\"https:\/\/wisdomandroses.com\/en\/anwendung\/\">hier<\/a> um mehr \u00fcber die Anwendung von Reiki zu erfahren. <\/p>\n\n\n\n<p>Gerne kannst Du unter folgender Nummer einen Termin buchen: 0664 2375023<br>Ich freue mich auf Dich! <\/p>\n\n\n<div class=\"wp-block-image\">\n<figure class=\"aligncenter size-large is-resized\"><img loading=\"lazy\" decoding=\"async\" width=\"684\" height=\"1024\" src=\"https:\/\/wisdomandroses.com\/wp-content\/uploads\/2020\/04\/DSC_1131-Gro\u00df-684x1024.jpg\" alt=\"\" class=\"wp-image-645\" style=\"width:418px;height:626px\" srcset=\"https:\/\/wisdomandroses.com\/wp-content\/uploads\/2020\/04\/DSC_1131-Gro\u00df-684x1024.jpg 684w, https:\/\/wisdomandroses.com\/wp-content\/uploads\/2020\/04\/DSC_1131-Gro\u00df-200x300.jpg 200w, https:\/\/wisdomandroses.com\/wp-content\/uploads\/2020\/04\/DSC_1131-Gro\u00df.jpg 721w\" sizes=\"auto, (max-width: 684px) 100vw, 684px\" \/><figcaption class=\"wp-element-caption\">\u00a9 Andrea Percht<\/figcaption><\/figure>\n<\/div>\n\n\n<p><em>Eine energetische Anwendung kann eine hilfreiche Erg\u00e4nzung zu schulmedizinischen\u00a0und therapeutischen\u00a0Behandlungen sein f\u00fcr\u00a0Dein\u00a0inneres und \u00e4u\u00dferes Gleichgewicht und um Gesundheit auf allen Ebenen herzustellen. Meine Ma\u00dfnahmen dienen zur Wiederherstellung und Harmonisierung der k\u00f6rpereigenen Energiefelder und stellen keine Heilbehandlung im Sinne des \u00c4rztevorbehaltes dar. Sie sind keinerlei Ersatz f\u00fcr \u00e4rztliche Diagnosen und Behandlungen!<\/em><\/p>","protected":false},"excerpt":{"rendered":"<p>Reiki wirkt auf 3 Ebenen &#8211; k\u00f6rperlich, geistig und seelisch. Reiki l\u00e4sst sich sehr gut mit medizinischen Handlungsweisen kombinieren, ersetzt jedoch keinen Arztbesuch! Wie wird Reiki angewendet? Klicke hier um mehr \u00fcber die Anwendung von Reiki zu erfahren. Gerne kannst Du unter folgender Nummer einen Termin buchen: 0664 2375023Ich freue mich auf Dich! Eine energetische &hellip; <\/p>\n<p class=\"link-more\"><a href=\"https:\/\/wisdomandroses.com\/en\/wirkung-von-reiki-in-villach-heilmethode\/\" class=\"more-link\">Continue reading<span class=\"screen-reader-text\"> &#8222;Wirkung von Reiki&#8220;<\/span><\/a><\/p>","protected":false},"author":1,"featured_media":0,"parent":0,"menu_order":0,"comment_status":"closed","ping_status":"closed","template":"","meta":{"ngg_post_thumbnail":0,"footnotes":""},"class_list":["post-17","page","type-page","status-publish","hentry"],"jetpack_sharing_enabled":true,"_links":{"self":[{"href":"https:\/\/wisdomandroses.com\/en\/wp-json\/wp\/v2\/pages\/17","targetHints":{"allow":["GET"]}}],"collection":[{"href":"https:\/\/wisdomandroses.com\/en\/wp-json\/wp\/v2\/pages"}],"about":[{"href":"https:\/\/wisdomandroses.com\/en\/wp-json\/wp\/v2\/types\/page"}],"author":[{"embeddable":true,"href":"https:\/\/wisdomandroses.com\/en\/wp-json\/wp\/v2\/users\/1"}],"replies":[{"embeddable":true,"href":"https:\/\/wisdomandroses.com\/en\/wp-json\/wp\/v2\/comments?post=17"}],"version-history":[{"count":12,"href":"https:\/\/wisdomandroses.com\/en\/wp-json\/wp\/v2\/pages\/17\/revisions"}],"predecessor-version":[{"id":1357,"href":"https:\/\/wisdomandroses.com\/en\/wp-json\/wp\/v2\/pages\/17\/revisions\/1357"}],"wp:attachment":[{"href":"https:\/\/wisdomandroses.com\/en\/wp-json\/wp\/v2\/media?parent=17"}],"curies":[{"name":"wp","href":"https:\/\/api.w.org\/{rel}","templated":true}]}}