{"id":1453,"date":"2025-10-21T21:10:39","date_gmt":"2025-10-21T19:10:39","guid":{"rendered":"https:\/\/wisdomandroses.com\/?page_id=1453"},"modified":"2025-11-08T16:51:26","modified_gmt":"2025-11-08T15:51:26","slug":"numerologie","status":"publish","type":"page","link":"https:\/\/wisdomandroses.com\/en\/numerologie\/","title":{"rendered":"Numerologie"},"content":{"rendered":"<p><strong><em>Dein Schl\u00fcssel zu mehr Klarheit &amp; Selbstverst\u00e4ndnis<\/em><\/strong><\/p>\n\n\n\n<p>Numerologie ist die uralte Weisheit der Zahlen, die uns hilft, die verborgenen Muster und Energien in unserem Leben zu entschl\u00fcsseln. <br>Jede Zahl tr\u00e4gt eine einzigartige Schwingung und Bedeutung, die uns Einblicke in unsere Pers\u00f6nlichkeit, Lebensaufgaben und Potenziale geben kann.<\/p>\n\n\n\n<p>Mit einer numerologischen Auswertung kannst Du:<\/p>\n\n\n\n<ul class=\"wp-block-list\">\n<li><strong>Dich selbst besser verstehen<\/strong>: Entdecke Deine St\u00e4rken, Herausforderungen und Lebensziele<\/li>\n\n\n\n<li><strong>Entscheidungen leichter treffen<\/strong>: Erhalte Orientierung in wichtigen Lebensphasen<\/li>\n\n\n\n<li><strong>Beziehungen vertiefen<\/strong>: Verstehe die Dynamik zwischen Dir und anderen<\/li>\n\n\n\n<li><strong>Deinen Lebensweg kl\u00e4ren<\/strong>: Finde heraus, welche Zahlen Dich begleiten und wie sie Dein Schicksal beeinflussen<\/li>\n<\/ul>\n\n\n\n<p><strong>Deine pers\u00f6nliche numerologische Auswertung \u2013 Ein Geschenk an Dich selbst<\/strong><\/p>\n\n\n\n<p>F\u00fcr&nbsp;<strong>150 Euro<\/strong>&nbsp;erh\u00e4ltst Du eine umfassende numerologische Auswertung, die Dir tiefe Einblicke in Dein Leben erm\u00f6glicht. Das Paket beinhaltet:<\/p>\n\n\n\n<ul class=\"wp-block-list\">\n<li><strong>Eine detaillierte Auswertung<\/strong>\u00a0Deiner wichtigsten Zahlen und ihrer Bedeutung<\/li>\n\n\n\n<li><strong>Ein pers\u00f6nliches Skript<\/strong>, so dass Du in Ruhe nachlesen und vertiefen kannst<\/li>\n\n\n\n<li><strong>Ein 1:1-Gespr\u00e4ch mit mir<\/strong>, in dem wir gemeinsam Deine Fragen besprechen und die Ergebnisse f\u00fcr Dich lebendig werden lassen. Gerne auch \u00fcber Zoom!<\/li>\n<\/ul>\n\n\n\n<p>Dieses Angebot ist mehr als nur eine Analyse, es ist eine Einladung, Dich selbst auf einer neuen Ebene kennenzulernen und Deinen Weg mit Klarheit und Vertrauen zu gehen.<\/p>\n\n\n\n<p><strong>Bist Du bereit, die Sprache der Zahlen zu entdecken?<\/strong><br>F\u00fcr die Auswertung teile mir gerne Deinen vollst\u00e4ndigen Namen, sowie Dein Geburtsdatum mit. <br>Melde Dich gerne bei mir, um Deine pers\u00f6nliche Auswertung zu buchen. <\/p>\n\n\n\n<p><a href=\"https:\/\/wisdomandroses.com\/en\/kontaktformular\/\">Klicke hier, um Deine Reise zu mehr Weisheit &amp; Klarheit zu starten! <\/a><\/p>\n\n\n\n<p>Ich freue mich darauf, Dich auf dieser spannenden Reise zu begleiten, <\/p>\n\n\n\n<p>Deine Ria Fabijenna <\/p>\n\n\n<div class=\"wp-block-image\">\n<figure class=\"aligncenter size-large is-resized\"><img loading=\"lazy\" decoding=\"async\" width=\"683\" height=\"1024\" src=\"https:\/\/wisdomandroses.com\/wp-content\/uploads\/2025\/10\/Numerologie-Humanenergetik-Reiki-in-Villach-Aurareinigung-Heilfrequenzen-Quantenheilung-Channeling-Chakrenausgleich-in-Villach-1-683x1024.png\" alt=\"\" class=\"wp-image-1459\" style=\"width:353px;height:auto\" srcset=\"https:\/\/wisdomandroses.com\/wp-content\/uploads\/2025\/10\/Numerologie-Humanenergetik-Reiki-in-Villach-Aurareinigung-Heilfrequenzen-Quantenheilung-Channeling-Chakrenausgleich-in-Villach-1-683x1024.png 683w, https:\/\/wisdomandroses.com\/wp-content\/uploads\/2025\/10\/Numerologie-Humanenergetik-Reiki-in-Villach-Aurareinigung-Heilfrequenzen-Quantenheilung-Channeling-Chakrenausgleich-in-Villach-1-200x300.png 200w, https:\/\/wisdomandroses.com\/wp-content\/uploads\/2025\/10\/Numerologie-Humanenergetik-Reiki-in-Villach-Aurareinigung-Heilfrequenzen-Quantenheilung-Channeling-Chakrenausgleich-in-Villach-1-768x1152.png 768w, https:\/\/wisdomandroses.com\/wp-content\/uploads\/2025\/10\/Numerologie-Humanenergetik-Reiki-in-Villach-Aurareinigung-Heilfrequenzen-Quantenheilung-Channeling-Chakrenausgleich-in-Villach-1-8x12.png 8w, https:\/\/wisdomandroses.com\/wp-content\/uploads\/2025\/10\/Numerologie-Humanenergetik-Reiki-in-Villach-Aurareinigung-Heilfrequenzen-Quantenheilung-Channeling-Chakrenausgleich-in-Villach-1.png 1024w\" sizes=\"auto, (max-width: 683px) 100vw, 683px\" \/><\/figure>\n<\/div>\n\n\n<p><a href=\"https:\/\/wisdomandroses.com\/en\/kontaktformular\/\">Termin buchen <\/a><\/p>\n\n\n\n<p><\/p>","protected":false},"excerpt":{"rendered":"<p>Dein Schl\u00fcssel zu mehr Klarheit &amp; Selbstverst\u00e4ndnis Numerologie ist die uralte Weisheit der Zahlen, die uns hilft, die verborgenen Muster und Energien in unserem Leben zu entschl\u00fcsseln. Jede Zahl tr\u00e4gt eine einzigartige Schwingung und Bedeutung, die uns Einblicke in unsere Pers\u00f6nlichkeit, Lebensaufgaben und Potenziale geben kann. Mit einer numerologischen Auswertung kannst Du: Deine pers\u00f6nliche numerologische &hellip; <\/p>\n<p class=\"link-more\"><a href=\"https:\/\/wisdomandroses.com\/en\/numerologie\/\" class=\"more-link\">Continue reading<span class=\"screen-reader-text\"> &#8222;Numerologie&#8220;<\/span><\/a><\/p>","protected":false},"author":1,"featured_media":0,"parent":0,"menu_order":0,"comment_status":"closed","ping_status":"closed","template":"","meta":{"ngg_post_thumbnail":0,"footnotes":""},"class_list":["post-1453","page","type-page","status-publish","hentry"],"jetpack_sharing_enabled":true,"_links":{"self":[{"href":"https:\/\/wisdomandroses.com\/en\/wp-json\/wp\/v2\/pages\/1453","targetHints":{"allow":["GET"]}}],"collection":[{"href":"https:\/\/wisdomandroses.com\/en\/wp-json\/wp\/v2\/pages"}],"about":[{"href":"https:\/\/wisdomandroses.com\/en\/wp-json\/wp\/v2\/types\/page"}],"author":[{"embeddable":true,"href":"https:\/\/wisdomandroses.com\/en\/wp-json\/wp\/v2\/users\/1"}],"replies":[{"embeddable":true,"href":"https:\/\/wisdomandroses.com\/en\/wp-json\/wp\/v2\/comments?post=1453"}],"version-history":[{"count":5,"href":"https:\/\/wisdomandroses.com\/en\/wp-json\/wp\/v2\/pages\/1453\/revisions"}],"predecessor-version":[{"id":1526,"href":"https:\/\/wisdomandroses.com\/en\/wp-json\/wp\/v2\/pages\/1453\/revisions\/1526"}],"wp:attachment":[{"href":"https:\/\/wisdomandroses.com\/en\/wp-json\/wp\/v2\/media?parent=1453"}],"curies":[{"name":"wp","href":"https:\/\/api.w.org\/{rel}","templated":true}]}}