{"id":1281,"date":"2024-12-06T15:35:55","date_gmt":"2024-12-06T14:35:55","guid":{"rendered":"https:\/\/wisdomandroses.com\/?page_id=1281"},"modified":"2026-02-21T11:44:16","modified_gmt":"2026-02-21T10:44:16","slug":"preise","status":"publish","type":"page","link":"https:\/\/wisdomandroses.com\/en\/preise\/","title":{"rendered":"Preise"},"content":{"rendered":"<p><a href=\"https:\/\/wisdomandroses.com\/en\/uber-reiki-information-in-villach\/\">Reiki<\/a> (60 Min) mit Vor- und Nachgespr\u00e4ch (20 Min ): 110,-<\/p>\n\n\n\n<p><a href=\"https:\/\/wisdomandroses.com\/en\/aurareinigung-clearing\/\">Aura Reinigung\/ Clearing<\/a> (60 Min) mit Vor- und Nachgespr\u00e4ch (20 Min): 110,-<\/p>\n\n\n\n<p><a href=\"https:\/\/wisdomandroses.com\/en\/energetische-lichtchirurgie\/\" data-type=\"page\" data-id=\"1498\">energetische Lichtchirurgie nach WISDOM &amp; ROSES<\/a>  (60 Min) mit Vor- und Nachgespr\u00e4ch (20 Min): 110,-<\/p>\n\n\n\n<p><a href=\"https:\/\/wisdomandroses.com\/en\/elise-mila\/\">Elise Mila<\/a> (60 Min) mit Vor- und Nachgespr\u00e4ch (20 Min): 110,-<\/p>\n\n\n\n<p><a href=\"https:\/\/wisdomandroses.com\/en\/fernbehandlungen\/\" data-type=\"page\" data-id=\"1654\">energetische Fernbehandlungen inkl. anschlie\u00dfender Berichterstattung (60 Min)<\/a>: 90,-<\/p>\n\n\n\n<p><a href=\"https:\/\/wisdomandroses.com\/en\/heilungsfrequenzen-quantenheilung\/\">Bewusstseinscoaching <\/a>inkl. Arbeit mit Quantenfeldern &#8211; Pro Sitzung (80 Minuten): 110 Euro<\/p>\n\n\n\n<p><a href=\"https:\/\/wisdomandroses.com\/en\/numerologie\/\" data-type=\"page\" data-id=\"1453\">Numerologische Auswertung<\/a> &amp; Beratung inkl. Skript: 150,-<\/p>\n\n\n\n<p><a href=\"https:\/\/wisdomandroses.com\/en\/ausbildung-zur-elise-mila-heilerin\/\" data-type=\"page\" data-id=\"1407\">Ausbildung zur Elise-Mila Energetikerin:<\/a> 400,-<br><br><a href=\"https:\/\/wisdomandroses.com\/en\/rosenfeld-aufstellungsarbeit\/\" data-type=\"page\" data-id=\"1631\">Rosenfeld-Aufstellung<\/a>: 110,-<\/p>\n\n\n\n<p><a href=\"https:\/\/wisdomandroses.com\/en\/tierenergetik\/\" data-type=\"page\" data-id=\"1695\">Tierenergetik \u00fcber die Ferne<\/a>: 50,- (30 Min.)<\/p>\n\n\n\n<p><a href=\"https:\/\/wisdomandroses.com\/en\/raumenergetik\/\" data-type=\"page\" data-id=\"1681\">Raumenergetik: je nach Gr\u00f6\u00dfe des Objektes (bis 80m2):<\/a> 190,-<\/p>\n\n\n\n<p><a href=\"https:\/\/wisdomandroses.com\/en\/einweihung-in-deinen-ursprungsnamen\/\" data-type=\"page\" data-id=\"1664\">Einweihung in Deinen Ursprungsnamen ( 1- 1,5 Stunden): <\/a>180,-<\/p>\n\n\n\n<p>Aufpreise je nach Dauer m\u00f6glich &#8211; Richtwert &#8211; 10 Euro\/ 10 Minuten <\/p>\n\n\n\n<figure class=\"wp-block-image size-large\"><img loading=\"lazy\" decoding=\"async\" width=\"1024\" height=\"550\" src=\"https:\/\/wisdomandroses.com\/wp-content\/uploads\/2020\/04\/cropped-cropped-DSC_1127-1-1024x550.jpg\" alt=\"Praxis f\u00fcr Humanenergetik &amp; Bewusstseinscoaching Reiki, Elise Mila, Clearing, Aura Reinigung, Quantenheilung\" class=\"wp-image-1235\" srcset=\"https:\/\/wisdomandroses.com\/wp-content\/uploads\/2020\/04\/cropped-cropped-DSC_1127-1-1024x550.jpg 1024w, https:\/\/wisdomandroses.com\/wp-content\/uploads\/2020\/04\/cropped-cropped-DSC_1127-1-300x161.jpg 300w, https:\/\/wisdomandroses.com\/wp-content\/uploads\/2020\/04\/cropped-cropped-DSC_1127-1-768x413.jpg 768w, https:\/\/wisdomandroses.com\/wp-content\/uploads\/2020\/04\/cropped-cropped-DSC_1127-1-1536x826.jpg 1536w, https:\/\/wisdomandroses.com\/wp-content\/uploads\/2020\/04\/cropped-cropped-DSC_1127-1-18x10.jpg 18w, https:\/\/wisdomandroses.com\/wp-content\/uploads\/2020\/04\/cropped-cropped-DSC_1127-1.jpg 2000w\" sizes=\"auto, (max-width: 767px) 89vw, (max-width: 1000px) 54vw, (max-width: 1071px) 543px, 580px\" \/><\/figure>\n\n\n\n<p><a href=\"https:\/\/wisdomandroses.com\/en\/kontaktformular\/\">TERMIN BUCHEN<\/a><br><a href=\"https:\/\/wisdomandroses.com\/en\/gutscheine\/\">GUTSCHEIN BESTELLEN<\/a><\/p>\n\n\n\n<p><em>Eine energetische Anwendung kann eine hilfreiche Erg\u00e4nzung zu schulmedizinischen&nbsp;und therapeutischen&nbsp;Behandlungen sein f\u00fcr&nbsp;Dein&nbsp;inneres und \u00e4u\u00dferes Gleichgewicht und um Gesundheit auf allen Ebenen herzustellen. Meine Ma\u00dfnahmen dienen zur Wiederherstellung und Harmonisierung der k\u00f6rpereigenen Energiefelder und stellen keine Heilbehandlung im Sinne des \u00c4rztevorbehaltes dar. Sie sind keinerlei Ersatz f\u00fcr \u00e4rztliche Diagnosen und Behandlungen!<\/em><\/p>\n\n\n\n<p>Kostenlose Terminabsage bis 24 Stunden vor dem Termin m\u00f6glich!<\/p>\n\n\n\n<p><\/p>\n\n\n\n<p><\/p>\n\n\n\n<p><\/p>","protected":false},"excerpt":{"rendered":"<p>Reiki (60 Min) mit Vor- und Nachgespr\u00e4ch (20 Min ): 110,- Aura Reinigung\/ Clearing (60 Min) mit Vor- und Nachgespr\u00e4ch (20 Min): 110,- energetische Lichtchirurgie nach WISDOM &amp; ROSES (60 Min) mit Vor- und Nachgespr\u00e4ch (20 Min): 110,- Elise Mila (60 Min) mit Vor- und Nachgespr\u00e4ch (20 Min): 110,- energetische Fernbehandlungen inkl. anschlie\u00dfender Berichterstattung (60 &hellip; <\/p>\n<p class=\"link-more\"><a href=\"https:\/\/wisdomandroses.com\/en\/preise\/\" class=\"more-link\">Continue reading<span class=\"screen-reader-text\"> &#8222;Preise&#8220;<\/span><\/a><\/p>","protected":false},"author":1,"featured_media":0,"parent":0,"menu_order":0,"comment_status":"closed","ping_status":"closed","template":"","meta":{"ngg_post_thumbnail":0,"footnotes":""},"class_list":["post-1281","page","type-page","status-publish","hentry"],"jetpack_sharing_enabled":true,"_links":{"self":[{"href":"https:\/\/wisdomandroses.com\/en\/wp-json\/wp\/v2\/pages\/1281","targetHints":{"allow":["GET"]}}],"collection":[{"href":"https:\/\/wisdomandroses.com\/en\/wp-json\/wp\/v2\/pages"}],"about":[{"href":"https:\/\/wisdomandroses.com\/en\/wp-json\/wp\/v2\/types\/page"}],"author":[{"embeddable":true,"href":"https:\/\/wisdomandroses.com\/en\/wp-json\/wp\/v2\/users\/1"}],"replies":[{"embeddable":true,"href":"https:\/\/wisdomandroses.com\/en\/wp-json\/wp\/v2\/comments?post=1281"}],"version-history":[{"count":17,"href":"https:\/\/wisdomandroses.com\/en\/wp-json\/wp\/v2\/pages\/1281\/revisions"}],"predecessor-version":[{"id":1702,"href":"https:\/\/wisdomandroses.com\/en\/wp-json\/wp\/v2\/pages\/1281\/revisions\/1702"}],"wp:attachment":[{"href":"https:\/\/wisdomandroses.com\/en\/wp-json\/wp\/v2\/media?parent=1281"}],"curies":[{"name":"wp","href":"https:\/\/api.w.org\/{rel}","templated":true}]}}