{"id":1253,"date":"2024-12-03T20:39:06","date_gmt":"2024-12-03T19:39:06","guid":{"rendered":"https:\/\/wisdomandroses.com\/?page_id=1253"},"modified":"2026-01-02T10:54:47","modified_gmt":"2026-01-02T09:54:47","slug":"gutscheine","status":"publish","type":"page","link":"https:\/\/wisdomandroses.com\/en\/gutscheine\/","title":{"rendered":"Gutscheine"},"content":{"rendered":"<p>Gerne sind Gutscheinbestellungen \u00fcber das unten angef\u00fchrte Kontaktformular m\u00f6glich. <\/p>\n\n\n\n<p>Ein Gutschein f\u00fcr eine energetische Behandlung (60 Min.) mit Vor- und Nachgespr\u00e4ch (20 Min) kostet 110,-.<\/p>\n\n\n\n<p>Nach erfolgter \u00dcberweisung des Betrages wird der Gutschein per Mail zugesandt. Gerne kann dieser auch personalisiert werden und die beschenkte Person kann sich eine energetische Behandlung ihrer Wahl aussuchen.<\/p>\n\n\n\n<div class=\"wpforms-container wpforms-container-full\" id=\"wpforms-113\"><form id=\"wpforms-form-113\" class=\"wpforms-validate wpforms-form\" data-formid=\"113\" method=\"post\" enctype=\"multipart\/form-data\" action=\"\/en\/wp-json\/wp\/v2\/pages\/1253\" data-token=\"ea500c3c64608b8a3af1b1eb1e270c42\" data-token-time=\"1776004859\" data-trp-original-action=\"\/en\/wp-json\/wp\/v2\/pages\/1253\"><noscript class=\"wpforms-error-noscript\">Please enable JavaScript in your browser to complete this form.<\/noscript><div class=\"wpforms-field-container\"><div id=\"wpforms-113-field_0-container\" class=\"wpforms-field wpforms-field-name\" data-field-id=\"0\"><label class=\"wpforms-field-label\" for=\"wpforms-113-field_0\">Name <span class=\"wpforms-required-label\">*<\/span><\/label><input type=\"text\" id=\"wpforms-113-field_0\" class=\"wpforms-field-medium wpforms-field-required\" name=\"wpforms[fields][0]\" required><\/div><div id=\"wpforms-113-field_1-container\" class=\"wpforms-field wpforms-field-email\" data-field-id=\"1\"><label class=\"wpforms-field-label\" for=\"wpforms-113-field_1\">Email <span class=\"wpforms-required-label\">*<\/span><\/label><input type=\"email\" id=\"wpforms-113-field_1\" class=\"wpforms-field-medium wpforms-field-required\" name=\"wpforms[fields][1]\" spellcheck=\"false\" required><\/div><div id=\"wpforms-113-field_2-container\" class=\"wpforms-field wpforms-field-textarea\" data-field-id=\"2\"><label class=\"wpforms-field-label\" for=\"wpforms-113-field_2\">Nachricht <span class=\"wpforms-required-label\">*<\/span><\/label><textarea id=\"wpforms-113-field_2\" class=\"wpforms-field-medium wpforms-field-required\" name=\"wpforms[fields][2]\" required><\/textarea><\/div><div id=\"wpforms-113-field_7-container\" class=\"wpforms-field wpforms-field-checkbox\" data-field-id=\"7\"><label class=\"wpforms-field-label\">Your data will stay with us and we will not gonna give your data to anyone else. <span class=\"wpforms-required-label\">*<\/span><\/label><ul id=\"wpforms-113-field_7\" class=\"wpforms-field-required\"><li class=\"choice-1 depth-1\"><input type=\"checkbox\" id=\"wpforms-113-field_7_1\" name=\"wpforms[fields][7][]\" value=\"I accept\" required><label class=\"wpforms-field-label-inline\" for=\"wpforms-113-field_7_1\">I accept<\/label><\/li><\/ul><div class=\"wpforms-field-description\">Here you can write wherever you want to say to the person who is sending you a message<\/div><\/div><\/div><!-- .wpforms-field-container --><div class=\"wpforms-field wpforms-field-hp\"><label for=\"wpforms-113-field-hp\" class=\"wpforms-field-label\">Email<\/label><input type=\"text\" name=\"wpforms[hp]\" id=\"wpforms-113-field-hp\" class=\"wpforms-field-medium\"><\/div><div class=\"wpforms-recaptcha-container wpforms-is-recaptcha wpforms-is-recaptcha-type-v2\" ><div class=\"g-recaptcha\" data-sitekey=\"6LfiJMgUAAAAAC2s06r_HOJ88l2gDIIb-TDM9RnU\"><\/div><input type=\"text\" name=\"g-recaptcha-hidden\" class=\"wpforms-recaptcha-hidden\" style=\"position:absolute!important;clip:rect(0,0,0,0)!important;height:1px!important;width:1px!important;border:0!important;overflow:hidden!important;padding:0!important;margin:0!important;\" data-rule-recaptcha=\"1\"><\/div><div class=\"wpforms-submit-container\" ><input type=\"hidden\" name=\"wpforms[id]\" value=\"113\"><input type=\"hidden\" name=\"page_title\" value=\"\"><input type=\"hidden\" name=\"page_url\" value=\"https:\/\/wisdomandroses.com\/en\/wp-json\/wp\/v2\/pages\/1253\"><input type=\"hidden\" name=\"url_referer\" value=\"\"><button type=\"submit\" name=\"wpforms[submit]\" id=\"wpforms-submit-113\" class=\"wpforms-submit\" data-alt-text=\"Senden...\" data-submit-text=\"Senden\" aria-live=\"assertive\" value=\"wpforms-submit\">Senden<\/button><\/div><input type=\"hidden\" name=\"trp-form-language\" value=\"en\"\/><\/form><\/div>  <!-- .wpforms-container -->\n\n\n\n<p><\/p>\n\n\n\n<p><\/p>\n\n\n\n<p><\/p>\n\n\n\n<p><em>Eine energetische Anwendung kann eine hilfreiche Erg\u00e4nzung zu schulmedizinischen&nbsp;und therapeutischen&nbsp;Behandlungen sein f\u00fcr&nbsp;Dein&nbsp;inneres und \u00e4u\u00dferes Gleichgewicht und um Gesundheit auf allen Ebenen herzustellen. Meine Ma\u00dfnahmen dienen zur Wiederherstellung und Harmonisierung der k\u00f6rpereigenen Energiefelder und stellen keine Heilbehandlung im Sinne des \u00c4rztevorbehaltes dar. Sie sind keinerlei Ersatz f\u00fcr \u00e4rztliche Diagnosen und Behandlungen!<\/em><\/p>","protected":false},"excerpt":{"rendered":"<p>Gerne sind Gutscheinbestellungen \u00fcber das unten angef\u00fchrte Kontaktformular m\u00f6glich. Ein Gutschein f\u00fcr eine energetische Behandlung (60 Min.) mit Vor- und Nachgespr\u00e4ch (20 Min) kostet 110,-. Nach erfolgter \u00dcberweisung des Betrages wird der Gutschein per Mail zugesandt. Gerne kann dieser auch personalisiert werden und die beschenkte Person kann sich eine energetische Behandlung ihrer Wahl aussuchen. Eine &hellip; <\/p>\n<p class=\"link-more\"><a href=\"https:\/\/wisdomandroses.com\/en\/gutscheine\/\" class=\"more-link\">Continue reading<span class=\"screen-reader-text\"> &#8222;Gutscheine&#8220;<\/span><\/a><\/p>","protected":false},"author":1,"featured_media":0,"parent":0,"menu_order":0,"comment_status":"closed","ping_status":"closed","template":"","meta":{"ngg_post_thumbnail":0,"footnotes":""},"class_list":["post-1253","page","type-page","status-publish","hentry"],"jetpack_sharing_enabled":true,"_links":{"self":[{"href":"https:\/\/wisdomandroses.com\/en\/wp-json\/wp\/v2\/pages\/1253","targetHints":{"allow":["GET"]}}],"collection":[{"href":"https:\/\/wisdomandroses.com\/en\/wp-json\/wp\/v2\/pages"}],"about":[{"href":"https:\/\/wisdomandroses.com\/en\/wp-json\/wp\/v2\/types\/page"}],"author":[{"embeddable":true,"href":"https:\/\/wisdomandroses.com\/en\/wp-json\/wp\/v2\/users\/1"}],"replies":[{"embeddable":true,"href":"https:\/\/wisdomandroses.com\/en\/wp-json\/wp\/v2\/comments?post=1253"}],"version-history":[{"count":8,"href":"https:\/\/wisdomandroses.com\/en\/wp-json\/wp\/v2\/pages\/1253\/revisions"}],"predecessor-version":[{"id":1574,"href":"https:\/\/wisdomandroses.com\/en\/wp-json\/wp\/v2\/pages\/1253\/revisions\/1574"}],"wp:attachment":[{"href":"https:\/\/wisdomandroses.com\/en\/wp-json\/wp\/v2\/media?parent=1253"}],"curies":[{"name":"wp","href":"https:\/\/api.w.org\/{rel}","templated":true}]}}