{"id":1148,"date":"2024-06-07T15:43:39","date_gmt":"2024-06-07T13:43:39","guid":{"rendered":"https:\/\/wisdomandroses.com\/?page_id=1148"},"modified":"2026-01-02T19:56:01","modified_gmt":"2026-01-02T18:56:01","slug":"heilungsfrequenzen-quantenheilung","status":"publish","type":"page","link":"https:\/\/wisdomandroses.com\/en\/heilungsfrequenzen-quantenheilung\/","title":{"rendered":"Bewusstseinscoaching"},"content":{"rendered":"<p>Es ist Deine Essenz, Deine Bestimmung, Dein Kern, Dein Leben zu genie\u00dfen und in Gesundheit, F\u00fclle, Freude und Liebe ein selbstbestimmtes und wundervolles Leben zu leben.<\/p>\n\n\n\n<p>Meist ist dieses, Dein wahres, authentisches Selbst jedoch verdeckt und umschlungen von ganz vielen Schichten der Begrenzungen<\/p>\n\n\n\n<ul class=\"wp-block-list\">\n<li>Ansichten<\/li>\n\n\n\n<li>Glaubenss\u00e4tzen<\/li>\n\n\n\n<li>\u00dcberzeugungen<\/li>\n\n\n\n<li>Traumen<\/li>\n\n\n\n<li>Gef\u00fchle<\/li>\n<\/ul>\n\n\n\n<p>halten Dich in Deinem begrenzten Sein fest, blockieren und fesseln Dich an Menschen, Erinnerungen, Ansichten oder etwas dar\u00fcber hinaus.<\/p>\n\n\n\n<p>Mittels Quantenfeldern k\u00f6nnen unter anderem folgende Bereiche bearbeitet werden:<\/p>\n\n\n\n<ul class=\"wp-block-list\">\n<li>\u00d6ffnung, Reinigung &amp; Transformation des Herzchakra &#8211; Anbindung an die Essenz der universellen Liebe<\/li>\n\n\n\n<li>Ausgleich der Elemente, der Chakren, perfekte Achse<\/li>\n\n\n\n<li>Aktivierung der Lebenskraft<\/li>\n\n\n\n<li>K\u00f6rper- Seele- Geist verbinden <\/li>\n\n\n\n<li>Narben entst\u00f6ren<\/li>\n\n\n\n<li>Fremdenergien transformieren<\/li>\n\n\n\n<li>sexuelle Kontakte auf energetischer Ebene bereinigen<\/li>\n\n\n\n<li>Selbstbegrenzungen transformieren<\/li>\n\n\n\n<li>Transformation von Traumen&nbsp;<\/li>\n\n\n\n<li>Beziehungen transformieren&nbsp;<\/li>\n\n\n\n<li>Transformation von Engrammen (Ahnenlinie\/ anderen Inkarnationen)<\/li>\n\n\n\n<li>Impfsch\u00e4den, Miasmen transformieren<\/li>\n\n\n\n<li>Hormone\/Dr\u00fcsen<\/li>\n\n\n\n<li>Aktivierung DNS, Torusfeld &amp; Zirbeldr\u00fcse<\/li>\n\n\n\n<li>Gifte, Schwermetalle, Erreger transformieren&nbsp;<\/li>\n\n\n\n<li>Glaubenss\u00e4tze und \u00dcberzeugungen umprogrammieren<\/li>\n<\/ul>\n\n\n\n<p><br>Hast Du Lust Schritt f\u00fcr Schritt und Schicht f\u00fcr Schicht durch all Deine belastenden Muster zu arbeiten und Dich von allem zu befreien, was Dich einschr\u00e4nkt, hindert und behindert?<br><br>Lass uns gerne in einem Kennenlerngespr\u00e4ch herausfinden was Du l\u00f6sen m\u00f6chtest, was Du derzeit brauchst um Dein volles Potenzial zu leben, wie du mehr Liebe, Freude, Frieden, Leichtigkeit, F\u00fclle &amp; Gesundheit in Dein Leben einladen kannst.<\/p>\n\n\n\n<p>Eine Sitzung dauert ca. 80 min und der Ausgleich betr\u00e4gt 110 Euro.<\/p>\n\n\n\n<p>Gerne bin ich telefonisch erreichbar unter folgender Nummer 06642375023 oder per mail kontakt@wisdomandroses.com bzw. \u00fcber das <a href=\"https:\/\/wisdomandroses.com\/en\/kontaktformular\/\" data-type=\"page\" data-id=\"26\">Kontaktformular.<\/a> <\/p>\n\n\n\n<p>Ich freue mich auf Dich, vielleicht bis bald! <\/p>\n\n\n\n<p>Deine Ria Fabijenna<\/p>","protected":false},"excerpt":{"rendered":"<p>Es ist Deine Essenz, Deine Bestimmung, Dein Kern, Dein Leben zu genie\u00dfen und in Gesundheit, F\u00fclle, Freude und Liebe ein selbstbestimmtes und wundervolles Leben zu leben. Meist ist dieses, Dein wahres, authentisches Selbst jedoch verdeckt und umschlungen von ganz vielen Schichten der Begrenzungen halten Dich in Deinem begrenzten Sein fest, blockieren und fesseln Dich an &hellip; <\/p>\n<p class=\"link-more\"><a href=\"https:\/\/wisdomandroses.com\/en\/heilungsfrequenzen-quantenheilung\/\" class=\"more-link\">Continue reading<span class=\"screen-reader-text\"> &#8222;Bewusstseinscoaching&#8220;<\/span><\/a><\/p>","protected":false},"author":1,"featured_media":0,"parent":0,"menu_order":0,"comment_status":"closed","ping_status":"closed","template":"","meta":{"ngg_post_thumbnail":0,"footnotes":""},"class_list":["post-1148","page","type-page","status-publish","hentry"],"jetpack_sharing_enabled":true,"_links":{"self":[{"href":"https:\/\/wisdomandroses.com\/en\/wp-json\/wp\/v2\/pages\/1148","targetHints":{"allow":["GET"]}}],"collection":[{"href":"https:\/\/wisdomandroses.com\/en\/wp-json\/wp\/v2\/pages"}],"about":[{"href":"https:\/\/wisdomandroses.com\/en\/wp-json\/wp\/v2\/types\/page"}],"author":[{"embeddable":true,"href":"https:\/\/wisdomandroses.com\/en\/wp-json\/wp\/v2\/users\/1"}],"replies":[{"embeddable":true,"href":"https:\/\/wisdomandroses.com\/en\/wp-json\/wp\/v2\/comments?post=1148"}],"version-history":[{"count":12,"href":"https:\/\/wisdomandroses.com\/en\/wp-json\/wp\/v2\/pages\/1148\/revisions"}],"predecessor-version":[{"id":1596,"href":"https:\/\/wisdomandroses.com\/en\/wp-json\/wp\/v2\/pages\/1148\/revisions\/1596"}],"wp:attachment":[{"href":"https:\/\/wisdomandroses.com\/en\/wp-json\/wp\/v2\/media?parent=1148"}],"curies":[{"name":"wp","href":"https:\/\/api.w.org\/{rel}","templated":true}]}}