{"id":1120,"date":"2024-05-30T17:56:31","date_gmt":"2024-05-30T15:56:31","guid":{"rendered":"https:\/\/wisdomandroses.com\/?page_id=1120"},"modified":"2024-05-30T18:05:44","modified_gmt":"2024-05-30T16:05:44","slug":"datenschutzerklarung","status":"publish","type":"page","link":"https:\/\/wisdomandroses.com\/en\/datenschutzerklarung\/","title":{"rendered":"Datenschutzerkl\u00e4rung"},"content":{"rendered":"<p>Der Schutz Ihrer pers\u00f6nlichen Daten ist mir ein besonderes Anliegen. Ich verarbeite Ihre Daten daher ausschlie\u00dflich auf Grundlage der gesetzlichen Bestimmungen (DSGVO, TKG 2003). <br>In diesen Datenschutzinformationen informiere ich Sie \u00fcber die wichtigsten Aspekte der Datenverarbeitung im Rahmen meiner Webseite.<br><br>Wenn Sie sich bei mir, Ria Anja Maria Janoch-M\u00fcller per E-Mail, Whatsapp, Telefon, <a href=\"https:\/\/www.instagram.com\/ria_fabijenna\/\">Instagram<\/a>, oder \u00fcber das <a href=\"https:\/\/wisdomandroses.com\/en\/kontaktformular\/\">Kontaktformular <\/a>melden, werden Ihre angegebenen Daten zwecks Bearbeitung der Anfrage und f\u00fcr den Fall von Anschlussfragen sechs Monate bei mir gespeichert. Diese Daten werden von mir nicht weitergegeben.<\/p>\n\n\n\n<p>Sofern innerhalb des Internetangebotes die M\u00f6glichkeit zur Eingabe pers\u00f6nlicher oder gesch\u00e4ftlicher Daten (Email-Adressen, Namen, Anschriften) besteht, so erfolgt die Preisgabe dieser Daten seitens des Nutzers auf ausdr\u00fccklich freiwilliger Basis. Eine Datenweitergabe an Dritte erfolgt nicht.<\/p>\n\n\n\n<p>Grunds\u00e4tzlich stehe Ihnen die Rechte auf Auskunft, Berichtigung, L\u00f6schung, Einschr\u00e4nkung, Daten\u00fcbertragbarkeit, Widerruf und Widerspruch zu. Wenn Sie glauben, dass die Verarbeitung Ihrer Daten gegen das Datenschutzrecht verst\u00f6\u00dft oder Ihre datenschutzrechtlichen Anspr\u00fcche in einer Weise verletzt worden sind, k\u00f6nnen Sie sich gerne mit mir in Verbindung setzen.<br>Ihr Anliegen wird umgehend bearbeitet oder es besteht die M\u00f6glichkeit sich direkt an die Aufsichtsbeh\u00f6rde, in \u00d6sterreich ist es die Datenschutzbeh\u00f6rde, zu wenden.<\/p>\n\n\n\n<p class=\"has-text-align-center\">Sie erreichen mich unter folgenden Kontaktdaten: <br>Ria Anja Maria Janoch-M\u00fcller, M.A.<br>Heimstra\u00dfe 2\/4 <br>9500 Villach<br>06642375023<br>kontakt@wisdomandroses.com<\/p>\n\n\n\n<p>Meine Webseite <a href=\"https:\/\/wisdomandroses.com\/en\/\">www.wisdomandroses.com<\/a> verwendet so genannte Cookies. Dabei handelt es sich um kleine Textdateien, die mit Hilfe des Browsers auf Ihrem Endger\u00e4t abgelegt werden. Sie richten keinen Schaden an.&nbsp;<\/p>\n\n\n\n<p>Cookies dienen dazu, das Angebot nutzerfreundlich zu gestalten. Einige Cookies bleiben auf Ihrem Endger\u00e4t gespeichert, bis Sie diese l\u00f6schen. Sie erm\u00f6glichen es so, Ihren Browser beim n\u00e4chsten Besuch wiederzuerkennen.<\/p>\n\n\n\n<p>Wenn Sie dies nicht w\u00fcnschen, so k\u00f6nnen Sie Ihren Browser so einrichten, dass er Sie \u00fcber das Setzen von Cookies informiert und Sie dies nur im Einzelfall erlauben.&nbsp;<\/p>\n\n\n\n<p>Bei der Deaktivierung von Cookies kann die Funktionalit\u00e4t meiner Webseite eingeschr\u00e4nkt sein.<\/p>\n\n\n\n<p>Ich weise hiermit ausdr\u00fccklich daraufhin, dass das WISDOM &amp; ROSES Logo (Eule mit Rose), sowie die Fotos von Andrea Percht nicht zur Weitergabe bestimmt sind und jegliches Kopieren und Weiterverwenden untersagt ist! Vielen Dank f\u00fcr Ihr Verst\u00e4ndnis!<br><br>Alle Rechte vorbehalten \u00a9 Ria Anja Maria Janoch-M\u00fcller 2024<\/p>","protected":false},"excerpt":{"rendered":"<p>Der Schutz Ihrer pers\u00f6nlichen Daten ist mir ein besonderes Anliegen. Ich verarbeite Ihre Daten daher ausschlie\u00dflich auf Grundlage der gesetzlichen Bestimmungen (DSGVO, TKG 2003). In diesen Datenschutzinformationen informiere ich Sie \u00fcber die wichtigsten Aspekte der Datenverarbeitung im Rahmen meiner Webseite. Wenn Sie sich bei mir, Ria Anja Maria Janoch-M\u00fcller per E-Mail, Whatsapp, Telefon, Instagram, oder &hellip; <\/p>\n<p class=\"link-more\"><a href=\"https:\/\/wisdomandroses.com\/en\/datenschutzerklarung\/\" class=\"more-link\">Continue reading<span class=\"screen-reader-text\"> &#8222;Datenschutzerkl\u00e4rung&#8220;<\/span><\/a><\/p>","protected":false},"author":1,"featured_media":0,"parent":0,"menu_order":0,"comment_status":"closed","ping_status":"closed","template":"","meta":{"ngg_post_thumbnail":0,"footnotes":""},"class_list":["post-1120","page","type-page","status-publish","hentry"],"jetpack_sharing_enabled":true,"_links":{"self":[{"href":"https:\/\/wisdomandroses.com\/en\/wp-json\/wp\/v2\/pages\/1120","targetHints":{"allow":["GET"]}}],"collection":[{"href":"https:\/\/wisdomandroses.com\/en\/wp-json\/wp\/v2\/pages"}],"about":[{"href":"https:\/\/wisdomandroses.com\/en\/wp-json\/wp\/v2\/types\/page"}],"author":[{"embeddable":true,"href":"https:\/\/wisdomandroses.com\/en\/wp-json\/wp\/v2\/users\/1"}],"replies":[{"embeddable":true,"href":"https:\/\/wisdomandroses.com\/en\/wp-json\/wp\/v2\/comments?post=1120"}],"version-history":[{"count":2,"href":"https:\/\/wisdomandroses.com\/en\/wp-json\/wp\/v2\/pages\/1120\/revisions"}],"predecessor-version":[{"id":1127,"href":"https:\/\/wisdomandroses.com\/en\/wp-json\/wp\/v2\/pages\/1120\/revisions\/1127"}],"wp:attachment":[{"href":"https:\/\/wisdomandroses.com\/en\/wp-json\/wp\/v2\/media?parent=1120"}],"curies":[{"name":"wp","href":"https:\/\/api.w.org\/{rel}","templated":true}]}}