{"id":1082,"date":"2024-05-09T17:00:17","date_gmt":"2024-05-09T15:00:17","guid":{"rendered":"https:\/\/wisdomandroses.com\/?page_id=1082"},"modified":"2024-11-28T17:15:31","modified_gmt":"2024-11-28T16:15:31","slug":"channeling-botschaften","status":"publish","type":"page","link":"https:\/\/wisdomandroses.com\/en\/channeling-botschaften\/","title":{"rendered":"Channeling Botschaften von Herz zu Herz"},"content":{"rendered":"<p><\/p>\n\n\n\n<p>Es gibt Phasen im Leben, welche uns fordern, in welchen wir uns wie ein Schiff inmitten eines Sturmes am Ozean f\u00fchlen. Wo riesige Wellen und der Wind uns hin und her schaukeln und kein Ende in Sicht ist. Jedoch kommt sie &#8211; die Ruhe nach dem Sturm, wo die Sonne wieder scheint, die Wellen ruhiger werden und das Wasser klar wird.<\/p>\n\n\n\n<p><\/p>\n\n\n\n<p>Es ist wie es ist! Die Dinge und Geschehnisse auf dieser Welt sind wie sind. Annahme ist der einzige Schl\u00fcssel zum Gl\u00fcck. Akzeptanz dessen was ist und Ausrichtung wohin man sich weiter entwickeln will. So wie der Kapit\u00e4n sein Schiff steuert und lenkt. Ist jeder einzelne bem\u00fcht, sein Schiff vor dem Untergehen zu bewahren.<\/p>\n\n\n\n<p><\/p>\n\n\n\n<p>Schau Engelchen, breite deine Fl\u00fcgel aus und fliege, so lange und so weit du willst. Gib dich der S\u00fc\u00dfe des Lebens hin mit Leichtigkeit und Vertrauen, denn deine Seele kennt den Plan! Lass los und hebe ab, so dass Entwicklung stattfinden kann! <\/p>\n\n\n\n<p><\/p>\n\n\n\n<p>Nimm die Leichtigkeit als einen Lehrer an Deiner Seite an! Wie kannst Du Deinen Alltag mit mehr Leichtigkeit gestalten und leben? Wo bist Du streng mit Dir selbst? Es darf leichter gehen und sein. Lasse es zu und gebe Dich dem Fluss des Lebens hin, wie ein Blatt, das im Wind t\u00e4nzelt, dann ins Wasser f\u00e4llt und sich treiben l\u00e4sst. <\/p>\n\n\n\n<p><\/p>\n\n\n\n<p>Schau mit dem Auge der Liebe, mein liebes Menschenkind!<br>Alles was Du siehst wurde aus Liebe zur Sch\u00f6pfung erschaffen, die Pflanzen, B\u00e4ume, Tiere &amp; die Menschen. Es gibt so viele Formen auf dieser Welt, die mit den Augen der Liebe erschaffen wurden. <br>Jeder Mensch ist einzigartig und hat so viele wundersch\u00f6ne Seiten an sich, die besonders und liebenswert sind, wenn Du nur mit dem Auge der Liebe schaust!  Sehe hin und sp\u00fcre nach und Du wirst Dich wahrlich wundern wie viel Liebe und Sanftmut zu sehen und zu sp\u00fcren ist. <\/p>\n\n\n\n<p><\/p>\n\n\n\n<p>Die Liebe ist immer da und ist die st\u00e4rkste Kraft im Universum. <br>Richte Dich nach ihr und Du wirst stets erf\u00fcllt sein von bedingungsloser Liebe verbunden mit einer grenzenlosen Kraft. <br>Denn die Liebe ist eine Macht. Wenn wir diese als Macht sehen, sp\u00fcren und anerkennen, dann k\u00f6nnen wir Berge versetzen &#8211; <br>Alles wird mit ihr erleuchtet und durchflutet. <br>Die Liebe kennt keine Grenzen, durchdringt Raum und Zeit. <br>Sp\u00fcre in Dich hinein und wisse, dass Du Liebe bist, dass Du immer Liebe warst und immer Liebe sein wirst \u2661\u2661\u2661<\/p>","protected":false},"excerpt":{"rendered":"<p>Es gibt Phasen im Leben, welche uns fordern, in welchen wir uns wie ein Schiff inmitten eines Sturmes am Ozean f\u00fchlen. Wo riesige Wellen und der Wind uns hin und her schaukeln und kein Ende in Sicht ist. Jedoch kommt sie &#8211; die Ruhe nach dem Sturm, wo die Sonne wieder scheint, die Wellen ruhiger &hellip; <\/p>\n<p class=\"link-more\"><a href=\"https:\/\/wisdomandroses.com\/en\/channeling-botschaften\/\" class=\"more-link\">Continue reading<span class=\"screen-reader-text\"> &#8222;Channeling Botschaften von Herz zu Herz&#8220;<\/span><\/a><\/p>","protected":false},"author":1,"featured_media":0,"parent":0,"menu_order":0,"comment_status":"closed","ping_status":"closed","template":"","meta":{"ngg_post_thumbnail":0,"footnotes":""},"class_list":["post-1082","page","type-page","status-publish","hentry"],"jetpack_sharing_enabled":true,"_links":{"self":[{"href":"https:\/\/wisdomandroses.com\/en\/wp-json\/wp\/v2\/pages\/1082","targetHints":{"allow":["GET"]}}],"collection":[{"href":"https:\/\/wisdomandroses.com\/en\/wp-json\/wp\/v2\/pages"}],"about":[{"href":"https:\/\/wisdomandroses.com\/en\/wp-json\/wp\/v2\/types\/page"}],"author":[{"embeddable":true,"href":"https:\/\/wisdomandroses.com\/en\/wp-json\/wp\/v2\/users\/1"}],"replies":[{"embeddable":true,"href":"https:\/\/wisdomandroses.com\/en\/wp-json\/wp\/v2\/comments?post=1082"}],"version-history":[{"count":11,"href":"https:\/\/wisdomandroses.com\/en\/wp-json\/wp\/v2\/pages\/1082\/revisions"}],"predecessor-version":[{"id":1183,"href":"https:\/\/wisdomandroses.com\/en\/wp-json\/wp\/v2\/pages\/1082\/revisions\/1183"}],"wp:attachment":[{"href":"https:\/\/wisdomandroses.com\/en\/wp-json\/wp\/v2\/media?parent=1082"}],"curies":[{"name":"wp","href":"https:\/\/api.w.org\/{rel}","templated":true}]}}